{"id":160,"date":"2017-08-23T20:35:36","date_gmt":"2017-08-23T20:35:36","guid":{"rendered":"http:\/\/itsco.edu.mx\/?page_id=160"},"modified":"2022-05-05T18:18:19","modified_gmt":"2022-05-05T18:18:19","slug":"industrial","status":"publish","type":"page","link":"https:\/\/www.itsco.edu.mx\/?page_id=160","title":{"rendered":"Ingenier\u00eda Industrial"},"content":{"rendered":"<div id=\"pl-160\"  class=\"panel-layout\" >\n<div id=\"pg-160-0\"  class=\"panel-grid panel-no-style\"  data-style=\"{&quot;background_image_attachment&quot;:false,&quot;background_display&quot;:&quot;tile&quot;,&quot;cell_alignment&quot;:&quot;flex-start&quot;}\"  data-ratio=\"0.33333333\"  data-ratio-direction=\"right\" >\n<div id=\"pgc-160-0-0\"  class=\"panel-grid-cell\"  data-weight=\"0.70039459037556\" >\n<div id=\"panel-160-0-0-0\" class=\"so-panel widget widget_sow-editor panel-first-child panel-last-child\" data-index=\"0\" data-style=\"{&quot;background_image_attachment&quot;:false,&quot;background_display&quot;:&quot;tile&quot;}\" >\n<div class=\"so-widget-sow-editor so-widget-sow-editor-base\">\n<div class=\"siteorigin-widget-tinymce textwidget\">\n<p><img loading=\"lazy\" decoding=\"async\" class=\"alignnone wp-image-519 size-large\" src=\"http:\/\/www.itsco.edu.mx\/wp-content\/uploads\/2017\/11\/banner_Industrial-1024x384.jpg\" alt=\"\" width=\"900\" height=\"338\" srcset=\"https:\/\/www.itsco.edu.mx\/wp-content\/uploads\/2017\/11\/banner_Industrial-1024x384.jpg 1024w, https:\/\/www.itsco.edu.mx\/wp-content\/uploads\/2017\/11\/banner_Industrial-300x113.jpg 300w, https:\/\/www.itsco.edu.mx\/wp-content\/uploads\/2017\/11\/banner_Industrial-768x288.jpg 768w, https:\/\/www.itsco.edu.mx\/wp-content\/uploads\/2017\/11\/banner_Industrial-150x56.jpg 150w, https:\/\/www.itsco.edu.mx\/wp-content\/uploads\/2017\/11\/banner_Industrial.jpg 1600w\" sizes=\"auto, (max-width: 900px) 100vw, 900px\" \/><\/p>\n<p style=\"text-align: justify;\"><strong>Ingenier\u00eda Industrial<\/strong><\/p>\n<p style=\"text-align: justify;\"><strong>IIND-2010-227<\/strong><\/p>\n<p style=\"text-align: justify;\"><strong>\u00a0<\/strong><\/p>\n<p style=\"text-align: justify;\"><strong>Objetivo General<\/strong><\/p>\n<p style=\"text-align: justify;\"><strong>\u00a0<\/strong><\/p>\n<p style=\"text-align: justify;\">Formar profesionales, \u00e9ticos, l\u00edderes, creativos y emprendedores en el \u00e1rea de Ingenier\u00eda Industrial; competente para dise\u00f1ar, implantar, administrar, innovar y optimizar sistemas de producci\u00f3n de bienes y servicios; con enfoque sist\u00e9mico y sustentable en un entorno global.<\/p>\n<p style=\"text-align: justify;\">\n<p style=\"text-align: justify;\"><strong>\u00a0<\/strong><\/p>\n<p style=\"text-align: justify;\"><strong>Especialidad de <\/strong><strong>Manufactura Avanzada de Procesos<\/strong><\/p>\n<p style=\"text-align: justify;\"><strong>\u00a0<\/strong><\/p>\n<p style=\"text-align: justify;\">\n<table width=\"620\">\n<tbody>\n<tr>\n<td width=\"310\">\u00a0<strong>Asignatura de la Especialidad <\/strong><\/td>\n<td width=\"217\"><strong>Clave de Asignatura<\/strong><\/td>\n<td width=\"93\"><strong>Cr\u00e9ditos<\/strong><\/td>\n<\/tr>\n<tr>\n<td width=\"310\">SEIS SIGMA<\/td>\n<td width=\"217\">MAG-2101<\/td>\n<td width=\"93\">3-3-6<\/td>\n<\/tr>\n<tr>\n<td width=\"310\">MANUFACTURA ESBELTA<\/td>\n<td width=\"217\">MAB-2102<\/td>\n<td width=\"93\">1-4-5<\/td>\n<\/tr>\n<tr>\n<td width=\"310\">MANUFACTURA 4.0<\/td>\n<td width=\"217\">MAM-2103<\/td>\n<td width=\"93\">2-4-6<\/td>\n<\/tr>\n<tr>\n<td width=\"310\">TALLER CAD<\/td>\n<td width=\"217\">MAV-2104<\/td>\n<td width=\"93\">0-5-5<\/td>\n<\/tr>\n<tr>\n<td width=\"310\">GESTI\u00d3N AVANZADA DE MANUFACTURA<\/td>\n<td width=\"217\">MAF-2105<\/td>\n<td width=\"93\">3-2-5<\/td>\n<\/tr>\n<tr>\n<td width=\"310\">INGENIER\u00cdA Y TECNOLOG\u00cdA AUTOMATIZADA<\/td>\n<td width=\"217\">MAH-2106<\/td>\n<td width=\"93\">1-3-4<\/td>\n<\/tr>\n<\/tbody>\n<\/table>\n<p style=\"text-align: justify;\"><strong>\u00a0<\/strong><\/p>\n<p style=\"text-align: justify;\"><strong>\u00a0<\/strong><\/p>\n<p style=\"text-align: justify;\"><strong>Perfil de Egreso<\/strong><\/p>\n<p style=\"text-align: justify;\"><strong>\u00a0<\/strong><\/p>\n<ol style=\"text-align: justify;\">\n<li>Dise\u00f1a, mejora e integra sistemas productivos de bienes y servicios aplicando tecnolog\u00edas para su optimizaci\u00f3n.<\/li>\n<li>Dise\u00f1a, implementa y mejora sistemas de trabajo para elevar la productividad.<\/li>\n<li>Implanta sistemas de calidad utilizando m\u00e9todos estad\u00edsticos para mejorar la competitividad de las organizaciones.<\/li>\n<li>Administra sistemas de mantenimiento en procesos de bienes y servicios para la optimizaci\u00f3n en el uso de los recursos.<\/li>\n<li>Gestiona sistemas de seguridad, salud ocupacional de manera sustentable, en sistemas productivos de bienes y servicios atendiendo los lineamientos legales.<\/li>\n<li>Formula, eval\u00faa y gestiona proyectos de inversi\u00f3n, sociales y de transferencia de tecnolog\u00eda para el desarrollo regional.<\/li>\n<\/ol>\n<p style=\"text-align: justify;\">\n<p style=\"text-align: justify;\">\n<p style=\"text-align: justify;\"><strong>Campo Laboral<\/strong><\/p>\n<p style=\"text-align: justify;\">El Ingeniero Industrial es requerido como parte fundamental de los procesos productivos. Algunas de las empresas m\u00e1s comunes en las que se desempe\u00f1an los ingenieros industriales son de manufactura textil, empresas de autopartes, aeropartes, metalmec\u00e1nica. Tambi\u00e9n en empresas de servicio de log\u00edstica: terrestre, aeroportuaria, marina, ferroviaria y plataformas log\u00edsticas. Tiene la capacidad de incorporarse en organismos p\u00fablicos o privados, productores de\u00a0 bienes o servicios,\u00a0 nacionales o internacionales.<\/p>\n<p style=\"text-align: justify;\">\n<\/div>\n<\/div>\n<\/div>\n<\/div>\n<div id=\"pgc-160-0-1\"  class=\"panel-grid-cell\"  data-weight=\"0.29960540962444\" >\n<div id=\"panel-160-0-1-0\" class=\"so-panel widget widget_text panel-first-child panel-last-child\" data-index=\"1\" data-style=\"{&quot;background_image_attachment&quot;:false,&quot;background_display&quot;:&quot;tile&quot;}\" >\n<h3 class=\"widget-title\">Ret\u00edcula Ingenier\u00eda Industrial<\/h3>\n<div class=\"textwidget\">\n<p><a href=\"https:\/\/www.itsco.edu.mx\/wp-content\/uploads\/2022\/05\/RET-PLAN-ESP-2010-IND-IINE-MAP-2021-01-NEW-1.xlsx\">RET PLAN ESP 2010 IND-IINE-MAP-2021-01-NEW<\/a><\/p>\n<\/div><\/div>\n<\/div>\n<\/div>\n<div id=\"pg-160-1\"  class=\"panel-grid panel-no-style\"  data-style=\"{&quot;background_image_attachment&quot;:false,&quot;background_display&quot;:&quot;tile&quot;,&quot;cell_alignment&quot;:&quot;flex-start&quot;}\"  data-ratio=\"0.33333333\"  data-ratio-direction=\"right\" >\n<div id=\"pgc-160-1-0\"  class=\"panel-grid-cell\"  data-weight=\"0.3337958573154\" >\n<div id=\"panel-160-1-0-0\" class=\"so-panel widget widget_sow-editor panel-first-child panel-last-child\" data-index=\"2\" data-style=\"{&quot;background_image_attachment&quot;:false,&quot;background_display&quot;:&quot;tile&quot;}\" >\n<div class=\"so-widget-sow-editor so-widget-sow-editor-base\">\n<div class=\"siteorigin-widget-tinymce textwidget\">\n<p><img loading=\"lazy\" decoding=\"async\" class=\"alignnone size-large wp-image-3806\" src=\"https:\/\/www.itsco.edu.mx\/wp-content\/uploads\/2022\/04\/WhatsApp-Image-2022-04-04-at-11.43.03-AM-1024x683.jpeg\" alt=\"\" width=\"640\" height=\"427\" srcset=\"https:\/\/www.itsco.edu.mx\/wp-content\/uploads\/2022\/04\/WhatsApp-Image-2022-04-04-at-11.43.03-AM-1024x683.jpeg 1024w, https:\/\/www.itsco.edu.mx\/wp-content\/uploads\/2022\/04\/WhatsApp-Image-2022-04-04-at-11.43.03-AM-300x200.jpeg 300w, https:\/\/www.itsco.edu.mx\/wp-content\/uploads\/2022\/04\/WhatsApp-Image-2022-04-04-at-11.43.03-AM-768x512.jpeg 768w, https:\/\/www.itsco.edu.mx\/wp-content\/uploads\/2022\/04\/WhatsApp-Image-2022-04-04-at-11.43.03-AM-1536x1024.jpeg 1536w, https:\/\/www.itsco.edu.mx\/wp-content\/uploads\/2022\/04\/WhatsApp-Image-2022-04-04-at-11.43.03-AM-272x182.jpeg 272w, https:\/\/www.itsco.edu.mx\/wp-content\/uploads\/2022\/04\/WhatsApp-Image-2022-04-04-at-11.43.03-AM.jpeg 1599w\" sizes=\"auto, (max-width: 640px) 100vw, 640px\" \/><\/p>\n<\/div>\n<\/div>\n<\/div>\n<\/div>\n<div id=\"pgc-160-1-1\"  class=\"panel-grid-cell\"  data-weight=\"0.33448963521157\" >\n<div id=\"panel-160-1-1-0\" class=\"so-panel widget widget_sow-editor panel-first-child panel-last-child\" data-index=\"3\" data-style=\"{&quot;background_image_attachment&quot;:false,&quot;background_display&quot;:&quot;tile&quot;}\" >\n<div class=\"so-widget-sow-editor so-widget-sow-editor-base\">\n<div class=\"siteorigin-widget-tinymce textwidget\">\n<p><img loading=\"lazy\" decoding=\"async\" class=\"alignnone size-large wp-image-3807\" src=\"https:\/\/www.itsco.edu.mx\/wp-content\/uploads\/2022\/04\/WhatsApp-Image-2022-04-04-at-11.43.07-AM-1024x683.jpeg\" alt=\"\" width=\"640\" height=\"427\" srcset=\"https:\/\/www.itsco.edu.mx\/wp-content\/uploads\/2022\/04\/WhatsApp-Image-2022-04-04-at-11.43.07-AM-1024x683.jpeg 1024w, https:\/\/www.itsco.edu.mx\/wp-content\/uploads\/2022\/04\/WhatsApp-Image-2022-04-04-at-11.43.07-AM-300x200.jpeg 300w, https:\/\/www.itsco.edu.mx\/wp-content\/uploads\/2022\/04\/WhatsApp-Image-2022-04-04-at-11.43.07-AM-768x512.jpeg 768w, https:\/\/www.itsco.edu.mx\/wp-content\/uploads\/2022\/04\/WhatsApp-Image-2022-04-04-at-11.43.07-AM-1536x1024.jpeg 1536w, https:\/\/www.itsco.edu.mx\/wp-content\/uploads\/2022\/04\/WhatsApp-Image-2022-04-04-at-11.43.07-AM-272x182.jpeg 272w, https:\/\/www.itsco.edu.mx\/wp-content\/uploads\/2022\/04\/WhatsApp-Image-2022-04-04-at-11.43.07-AM.jpeg 1599w\" sizes=\"auto, (max-width: 640px) 100vw, 640px\" \/><\/p>\n<\/div>\n<\/div>\n<\/div>\n<\/div>\n<div id=\"pgc-160-1-2\"  class=\"panel-grid-cell\"  data-weight=\"0.33171450747303\" >\n<div id=\"panel-160-1-2-0\" class=\"so-panel widget widget_sow-editor panel-first-child panel-last-child\" data-index=\"4\" data-style=\"{&quot;background_image_attachment&quot;:false,&quot;background_display&quot;:&quot;tile&quot;}\" >\n<div class=\"so-widget-sow-editor so-widget-sow-editor-base\">\n<div class=\"siteorigin-widget-tinymce textwidget\">\n<p><img loading=\"lazy\" decoding=\"async\" class=\"alignnone size-large wp-image-3808\" src=\"https:\/\/www.itsco.edu.mx\/wp-content\/uploads\/2022\/04\/WhatsApp-Image-2022-04-04-at-11.43.09-AM-1024x683.jpeg\" alt=\"\" width=\"640\" height=\"427\" srcset=\"https:\/\/www.itsco.edu.mx\/wp-content\/uploads\/2022\/04\/WhatsApp-Image-2022-04-04-at-11.43.09-AM-1024x683.jpeg 1024w, https:\/\/www.itsco.edu.mx\/wp-content\/uploads\/2022\/04\/WhatsApp-Image-2022-04-04-at-11.43.09-AM-300x200.jpeg 300w, https:\/\/www.itsco.edu.mx\/wp-content\/uploads\/2022\/04\/WhatsApp-Image-2022-04-04-at-11.43.09-AM-768x512.jpeg 768w, https:\/\/www.itsco.edu.mx\/wp-content\/uploads\/2022\/04\/WhatsApp-Image-2022-04-04-at-11.43.09-AM-272x182.jpeg 272w, https:\/\/www.itsco.edu.mx\/wp-content\/uploads\/2022\/04\/WhatsApp-Image-2022-04-04-at-11.43.09-AM.jpeg 1500w\" sizes=\"auto, (max-width: 640px) 100vw, 640px\" \/><\/p>\n<\/div>\n<\/div>\n<\/div>\n<\/div>\n<\/div>\n<\/div>\n<style type=\"text\/css\" class=\"panels-style\" data-panels-style-for-post=\"160\">@import url(https:\/\/www.itsco.edu.mx\/wp-content\/plugins\/siteorigin-panels\/css\/front-flex.min.css); #pgc-160-0-0 { width:70.0395%;width:calc(70.0395% - ( 0.29960540962444 * 30px ) ) } #pgc-160-0-1 { width:29.9605%;width:calc(29.9605% - ( 0.70039459037556 * 30px ) ) } #pg-160-0 , #pl-160 .so-panel { margin-bottom:30px } #pgc-160-1-0 { width:33.3796%;width:calc(33.3796% - ( 0.6662041426846 * 30px ) ) } #pgc-160-1-1 { width:33.449%;width:calc(33.449% - ( 0.66551036478843 * 30px ) ) } #pgc-160-1-2 { width:33.1715%;width:calc(33.1715% - ( 0.66828549252697 * 30px ) ) } #pl-160 .so-panel:last-of-type { margin-bottom:0px } #pg-160-0.panel-has-style > .panel-row-style, #pg-160-0.panel-no-style , #pg-160-1.panel-has-style > .panel-row-style, #pg-160-1.panel-no-style { -webkit-align-items:flex-start;align-items:flex-start } @media (max-width:1024px) and (min-width:781px) { #pg-160-1.panel-no-style, #pg-160-1.panel-has-style > .panel-row-style { -ms-flex-wrap:wrap;-webkit-flex-wrap:wrap;flex-wrap:wrap } #pg-160-1 > .panel-grid-cell , #pg-160-1 > .panel-row-style > .panel-grid-cell { -ms-flex:0 1 50%;-webkit-flex:0 1 50%;flex:0 1 50%;margin-right:0;margin-bottom:30px } #pg-160-1 > .panel-grid-cell , #pg-160-1 > .panel-row-style > .panel-grid-cell:nth-child(even) { padding-left:15px } #pg-160-1 > .panel-grid-cell , #pg-160-1 > .panel-row-style > .panel-grid-cell:nth-child(odd) { padding-right:15px }  } @media (max-width:780px){ #pg-160-0.panel-no-style, #pg-160-0.panel-has-style > .panel-row-style, #pg-160-0 , #pg-160-1.panel-no-style, #pg-160-1.panel-has-style > .panel-row-style, #pg-160-1 { -webkit-flex-direction:column;-ms-flex-direction:column;flex-direction:column } #pg-160-0 > .panel-grid-cell , #pg-160-0 > .panel-row-style > .panel-grid-cell , #pg-160-1 > .panel-grid-cell , #pg-160-1 > .panel-row-style > .panel-grid-cell { width:100%;margin-right:0 } #pgc-160-0-0 , #pgc-160-1-0 , #pgc-160-1-1 { margin-bottom:30px } #pl-160 .panel-grid-cell { padding:0 } #pl-160 .panel-grid .panel-grid-cell-empty { display:none } #pl-160 .panel-grid .panel-grid-cell-mobile-last { margin-bottom:0px }  } <\/style>\n","protected":false},"excerpt":{"rendered":"<p>Ingenier\u00eda Industrial IIND-2010-227 \u00a0 Objetivo General \u00a0 Formar profesionales, \u00e9ticos, l\u00edderes, creativos y emprendedores en el \u00e1rea de Ingenier\u00eda Industrial; &hellip; <\/p>\n","protected":false},"author":1,"featured_media":0,"parent":0,"menu_order":0,"comment_status":"closed","ping_status":"closed","template":"","meta":{"footnotes":""},"class_list":["post-160","page","type-page","status-publish","hentry"],"_links":{"self":[{"href":"https:\/\/www.itsco.edu.mx\/index.php?rest_route=\/wp\/v2\/pages\/160","targetHints":{"allow":["GET"]}}],"collection":[{"href":"https:\/\/www.itsco.edu.mx\/index.php?rest_route=\/wp\/v2\/pages"}],"about":[{"href":"https:\/\/www.itsco.edu.mx\/index.php?rest_route=\/wp\/v2\/types\/page"}],"author":[{"embeddable":true,"href":"https:\/\/www.itsco.edu.mx\/index.php?rest_route=\/wp\/v2\/users\/1"}],"replies":[{"embeddable":true,"href":"https:\/\/www.itsco.edu.mx\/index.php?rest_route=%2Fwp%2Fv2%2Fcomments&post=160"}],"version-history":[{"count":35,"href":"https:\/\/www.itsco.edu.mx\/index.php?rest_route=\/wp\/v2\/pages\/160\/revisions"}],"predecessor-version":[{"id":243,"href":"https:\/\/www.itsco.edu.mx\/index.php?rest_route=\/wp\/v2\/pages\/160\/revisions\/243"}],"wp:attachment":[{"href":"https:\/\/www.itsco.edu.mx\/index.php?rest_route=%2Fwp%2Fv2%2Fmedia&parent=160"}],"curies":[{"name":"wp","href":"https:\/\/api.w.org\/{rel}","templated":true}]}}