{"id":162,"date":"2017-08-23T20:36:00","date_gmt":"2017-08-23T20:36:00","guid":{"rendered":"http:\/\/itsco.edu.mx\/?page_id=162"},"modified":"2022-04-01T23:58:01","modified_gmt":"2022-04-01T23:58:01","slug":"sistemas","status":"publish","type":"page","link":"https:\/\/www.itsco.edu.mx\/?page_id=162","title":{"rendered":"Ingenier\u00eda en Sistemas Computacionales"},"content":{"rendered":"<div id=\"pl-162\"  class=\"panel-layout\" >\n<div id=\"pg-162-0\"  class=\"panel-grid panel-no-style\"  data-style=\"{&quot;background_image_attachment&quot;:false,&quot;background_display&quot;:&quot;tile&quot;,&quot;cell_alignment&quot;:&quot;flex-start&quot;}\"  data-ratio=\"0.33333333\"  data-ratio-direction=\"right\" >\n<div id=\"pgc-162-0-0\"  class=\"panel-grid-cell\"  data-weight=\"0.70039459037556\" >\n<div id=\"panel-162-0-0-0\" class=\"so-panel widget widget_sow-editor panel-first-child panel-last-child\" data-index=\"0\" data-style=\"{&quot;background_image_attachment&quot;:false,&quot;background_display&quot;:&quot;tile&quot;}\" >\n<div class=\"so-widget-sow-editor so-widget-sow-editor-base\">\n<div class=\"siteorigin-widget-tinymce textwidget\">\n\t<img loading=\"lazy\" decoding=\"async\" class=\"alignnone wp-image-332 size-large\" src=\"http:\/\/itsco.edu.mx\/wp-content\/uploads\/2017\/08\/banner_Sistemas-1024x384.jpg\" alt=\"\" width=\"1024\" height=\"384\" srcset=\"https:\/\/www.itsco.edu.mx\/wp-content\/uploads\/2017\/08\/banner_Sistemas-1024x384.jpg 1024w, https:\/\/www.itsco.edu.mx\/wp-content\/uploads\/2017\/08\/banner_Sistemas-300x113.jpg 300w, https:\/\/www.itsco.edu.mx\/wp-content\/uploads\/2017\/08\/banner_Sistemas-768x288.jpg 768w, https:\/\/www.itsco.edu.mx\/wp-content\/uploads\/2017\/08\/banner_Sistemas.jpg 1400w\" sizes=\"auto, (max-width: 1024px) 100vw, 1024px\" \/><\/p>\n<p><strong>Ingenier\u00eda en Sistemas Computacionales<\/strong><\/p>\n<p><strong>ISIC-2010-224<\/strong><\/p>\n<p><strong>\u00a0<\/strong><\/p>\n<p><strong>Objetivo General<\/strong><\/p>\n<p style=\"text-align: justify;\"><strong>\u00a0<\/strong>Formar profesionistas l\u00edderes con visi\u00f3n estrat\u00e9gica y amplio sentido \u00e9tico; capaz de dise\u00f1ar, desarrollar, implementar y administrar tecnolog\u00eda computacional para aportar soluciones innovadoras en beneficio de la sociedad; en un contexto global, multidisciplinario y sostenible.<\/p>\n<p style=\"text-align: justify;\"><strong>\u00a0<\/strong><\/p>\n<p><strong>Especialidad de <\/strong><strong>Redes y Sistemas Integrados<\/strong><\/p>\n<table width=\"630\">\n<tbody>\n<tr>\n<td width=\"385\">\u00a0<strong>Asignatura de la Especialidad <\/strong><\/td>\n<td width=\"161\"><strong>Clave de Asignatura <\/strong><\/td>\n<td width=\"84\"><strong>Cr\u00e9ditos <\/strong><\/td>\n<\/tr>\n<tr>\n<td width=\"385\">SEGURIDAD EN REDES<\/td>\n<td width=\"161\">RSD-2101<\/td>\n<td width=\"84\">2-3-5<\/td>\n<\/tr>\n<tr>\n<td width=\"385\">SOFTWARE LIBRE Y HERRAMIENTA PARA COMPUTO<\/td>\n<td width=\"161\">RSD-2102<\/td>\n<td width=\"84\">2-3-5<\/td>\n<\/tr>\n<tr>\n<td width=\"385\">PROGRAMACI\u00d3N M\u00d3VIL<\/td>\n<td width=\"161\">RSB-2103<\/td>\n<td width=\"84\">1-4-5<\/td>\n<\/tr>\n<tr>\n<td width=\"385\">COMERCIO ELECTR\u00d3NICO<\/td>\n<td width=\"161\">RSD-2104<\/td>\n<td width=\"84\">2-3-5<\/td>\n<\/tr>\n<tr>\n<td width=\"385\">FRAMEWORKS PARA DESARROLLO WEB<\/td>\n<td width=\"161\">RSB-2105<\/td>\n<td width=\"84\">1-4-5<\/td>\n<\/tr>\n<\/tbody>\n<\/table>\n<p><strong>\u00a0<\/strong><\/p>\n<p><strong>\u00a0<\/strong><strong>Perfil de Egreso<\/strong><\/p>\n<p style=\"text-align: justify;\"><strong>\u00a0<\/strong><\/p>\n<ol style=\"text-align: justify;\">\n<li>Implementa aplicaciones computacionales para solucionar problemas de diversos contextos, integrando diferentes tecnolog\u00edas, plataformas o dispositivos.<\/li>\n<li>Dise\u00f1a, desarrolla y aplica modelos computacionales para solucionar problemas, mediante la selecci\u00f3n y uso de herramientas matem\u00e1ticas.<\/li>\n<li>Dise\u00f1a e implementa interfaces para la automatizaci\u00f3n de sistemas de hardware y desarrollo del software asociado.<\/li>\n<li>Coordina y participa en equipos multidisciplinarios para la aplicaci\u00f3n de soluciones innovadoras en diferentes contextos.<\/li>\n<li>Dise\u00f1a, implementa y administra bases de datos optimizando los recursos disponibles, conforme a las normas vigentes de manejo y seguridad de la informaci\u00f3n.<\/li>\n<li>Desarrolla y administra software para apoyar la productividad y competitividad de las organizaciones cumpliendo con est\u00e1ndares de calidad.<\/li>\n<li>Eval\u00faa tecnolog\u00edas de hardware para soportar aplicaciones de manera efectiva.<\/li>\n<li>Detecta \u00e1reas de oportunidad empleando una visi\u00f3n empresarial para crear proyectos aplicando las Tecnolog\u00edas de la Informaci\u00f3n y Comunicaci\u00f3n.<\/li>\n<li>Dise\u00f1a, configura y administra redes de computadoras para crear soluciones de conectividad en la organizaci\u00f3n, aplicando las normas y est\u00e1ndares vigentes.<\/li>\n<\/ol>\n<p style=\"text-align: justify;\">\n<p style=\"text-align: justify;\"><strong>Campo Laboral<\/strong><\/p>\n<p style=\"text-align: justify;\"><strong>\u00a0<\/strong><\/p>\n<ul>\n<li style=\"text-align: justify;\">Analista programador.<\/li>\n<li style=\"text-align: justify;\">Ingeniero de soporte t\u00e9cnico.<\/li>\n<li style=\"text-align: justify;\">Comercializador del sistema de c\u00f3mputo; y una vez que haya adquirido experiencia, director de centro de c\u00f3mputo; as\u00ed como el puesto de una gerencia.<\/li>\n<li style=\"text-align: justify;\">Administrador de desarrollo de software, consultor, instructor e investigador.<\/li>\n<li style=\"text-align: justify;\">Prestador de servicios de mantenimiento de equipos computacionales y creador de sistemas de comunicaci\u00f3n o aplicaciones.<\/li>\n<li style=\"text-align: justify;\">Puede trabajar en diversos tipos de empresas, ya sea del sector p\u00fablico o privado, en el \u00e1rea de proyectos de desarrollo, como analista, responsable de centros de c\u00f3mputo, en el \u00e1rea de redes.<\/li>\n<li style=\"text-align: justify;\">Jefe de proyectos de sistemas: son capaces de organizar y proyectar actividades en equipo relacionadas a sistemas inform\u00e1ticos.<\/li>\n<li style=\"text-align: justify;\">Consultor inform\u00e1tico: colaboran con la organizaci\u00f3n de ideas de personas o empresas.<\/li>\n<li style=\"text-align: justify;\">Director de sistemas: es capaz de dirigir espacios o departamentos enfocados en servir o proporcionar soluciones inform\u00e1ticas.<\/li>\n<li style=\"text-align: justify;\">Constructor de sistemas inform\u00e1tico: dise\u00f1an, re-dise\u00f1an y estructuran programas de sistemas inform\u00e1ticos.<\/li>\n<\/ul>\n<\/div>\n<\/div>\n<\/div>\n<\/div>\n<div id=\"pgc-162-0-1\"  class=\"panel-grid-cell\"  data-weight=\"0.29960540962444\" >\n<div id=\"panel-162-0-1-0\" class=\"so-panel widget widget_sow-editor panel-first-child\" data-index=\"1\" data-style=\"{&quot;background_image_attachment&quot;:false,&quot;background_display&quot;:&quot;tile&quot;}\" >\n<div class=\"so-widget-sow-editor so-widget-sow-editor-base\">\n<h3 class=\"widget-title\">Ret\u00edcula Ingenier\u00eda en Sistemas Computacionales<\/h3>\n<div class=\"siteorigin-widget-tinymce textwidget\">\n<p><a href=\"https:\/\/www.itsco.edu.mx\/wp-content\/uploads\/2022\/04\/Reticula-Ingenieria-en-Sistemas-Computacionales.pdf\">DESCARGAR<\/a><\/p>\n<\/div>\n<\/div>\n<\/div>\n<div id=\"panel-162-0-1-1\" class=\"so-panel widget widget_custom_html panel-last-child\" data-index=\"2\" data-style=\"{&quot;background_image_attachment&quot;:false,&quot;background_display&quot;:&quot;tile&quot;}\" >[siteorigin_widget class=\u00bbWP_Widget_Custom_HTML\u00bb]<input type=\"hidden\" value=\"{&quot;instance&quot;:{&quot;title&quot;:&quot;Contacto&quot;,&quot;content&quot;:&quot;&lt;div id=\\&quot;headera\\&quot;&gt;\\n&lt;ul class=\\&quot;nava\\&quot;&gt;\\n&lt;li&gt;&lt;a href=\\&quot;http:\\\/\\\/www.itsco.edu.mx\\\/?page_id=708\\&quot;&gt;Contacta a tu jefe &lt;br \\\/&gt; de carrera &lt;\\\/a&gt;&lt;\\\/li&gt;\\n\\n&lt;\\\/ul&gt;\\n&lt;\\\/div&gt;&quot;,&quot;so_sidebar_emulator_id&quot;:&quot;custom_html-16210002&quot;,&quot;option_name&quot;:&quot;widget_custom_html&quot;},&quot;args&quot;:{&quot;before_widget&quot;:&quot;&lt;div id=\\&quot;panel-162-0-1-1\\&quot; class=\\&quot;so-panel widget widget_custom_html panel-last-child\\&quot; data-index=\\&quot;2\\&quot; data-style=\\&quot;{&amp;quot;background_image_attachment&amp;quot;:false,&amp;quot;background_display&amp;quot;:&amp;quot;tile&amp;quot;}\\&quot; &gt;&quot;,&quot;after_widget&quot;:&quot;&lt;\\\/div&gt;&quot;,&quot;before_title&quot;:&quot;&lt;h3 class=\\&quot;widget-title\\&quot;&gt;&quot;,&quot;after_title&quot;:&quot;&lt;\\\/h3&gt;&quot;,&quot;widget_id&quot;:&quot;widget-0-1-1&quot;}}\" \/>[\/siteorigin_widget]<\/div>\n<\/div>\n<\/div>\n<\/div>\n<style type=\"text\/css\" class=\"panels-style\" data-panels-style-for-post=\"162\">@import url(https:\/\/www.itsco.edu.mx\/wp-content\/plugins\/siteorigin-panels\/css\/front-flex.min.css); #pgc-162-0-0 { width:70.0395%;width:calc(70.0395% - ( 0.29960540962444 * 30px ) ) } #pgc-162-0-1 { width:29.9605%;width:calc(29.9605% - ( 0.70039459037556 * 30px ) ) } #pl-162 .so-panel { margin-bottom:30px } #pl-162 .so-panel:last-of-type { margin-bottom:0px } #pg-162-0.panel-has-style > .panel-row-style, #pg-162-0.panel-no-style { -webkit-align-items:flex-start;align-items:flex-start } @media (max-width:780px){ #pg-162-0.panel-no-style, #pg-162-0.panel-has-style > .panel-row-style, #pg-162-0 { -webkit-flex-direction:column;-ms-flex-direction:column;flex-direction:column } #pg-162-0 > .panel-grid-cell , #pg-162-0 > .panel-row-style > .panel-grid-cell { width:100%;margin-right:0 } #pgc-162-0-0 { margin-bottom:30px } #pl-162 .panel-grid-cell { padding:0 } #pl-162 .panel-grid .panel-grid-cell-empty { display:none } #pl-162 .panel-grid .panel-grid-cell-mobile-last { margin-bottom:0px }  } <\/style>\n","protected":false},"excerpt":{"rendered":"<p>Ingenier\u00eda en Sistemas Computacionales ISIC-2010-224 \u00a0 Objetivo General \u00a0Formar profesionistas l\u00edderes con visi\u00f3n estrat\u00e9gica y amplio sentido \u00e9tico; capaz de &hellip; <\/p>\n","protected":false},"author":1,"featured_media":0,"parent":0,"menu_order":0,"comment_status":"closed","ping_status":"closed","template":"","meta":{"footnotes":""},"class_list":["post-162","page","type-page","status-publish","hentry"],"_links":{"self":[{"href":"https:\/\/www.itsco.edu.mx\/index.php?rest_route=\/wp\/v2\/pages\/162","targetHints":{"allow":["GET"]}}],"collection":[{"href":"https:\/\/www.itsco.edu.mx\/index.php?rest_route=\/wp\/v2\/pages"}],"about":[{"href":"https:\/\/www.itsco.edu.mx\/index.php?rest_route=\/wp\/v2\/types\/page"}],"author":[{"embeddable":true,"href":"https:\/\/www.itsco.edu.mx\/index.php?rest_route=\/wp\/v2\/users\/1"}],"replies":[{"embeddable":true,"href":"https:\/\/www.itsco.edu.mx\/index.php?rest_route=%2Fwp%2Fv2%2Fcomments&post=162"}],"version-history":[{"count":25,"href":"https:\/\/www.itsco.edu.mx\/index.php?rest_route=\/wp\/v2\/pages\/162\/revisions"}],"predecessor-version":[{"id":3796,"href":"https:\/\/www.itsco.edu.mx\/index.php?rest_route=\/wp\/v2\/pages\/162\/revisions\/3796"}],"wp:attachment":[{"href":"https:\/\/www.itsco.edu.mx\/index.php?rest_route=%2Fwp%2Fv2%2Fmedia&parent=162"}],"curies":[{"name":"wp","href":"https:\/\/api.w.org\/{rel}","templated":true}]}}