{"id":164,"date":"2017-08-23T20:36:17","date_gmt":"2017-08-23T20:36:17","guid":{"rendered":"http:\/\/itsco.edu.mx\/?page_id=164"},"modified":"2022-04-01T04:18:43","modified_gmt":"2022-04-01T04:18:43","slug":"iias","status":"publish","type":"page","link":"https:\/\/www.itsco.edu.mx\/?page_id=164","title":{"rendered":"Ingenier\u00eda en Innovaci\u00f3n Agr\u00edcola Sustentable"},"content":{"rendered":"<div id=\"pl-164\"  class=\"panel-layout\" >\n<div id=\"pg-164-0\"  class=\"panel-grid panel-no-style\"  data-style=\"{&quot;background_image_attachment&quot;:false,&quot;background_display&quot;:&quot;tile&quot;,&quot;cell_alignment&quot;:&quot;flex-start&quot;}\"  data-ratio=\"0.33333333\"  data-ratio-direction=\"right\" >\n<div id=\"pgc-164-0-0\"  class=\"panel-grid-cell\"  data-weight=\"0.70039459037556\" >\n<div id=\"panel-164-0-0-0\" class=\"so-panel widget widget_sow-editor panel-first-child panel-last-child\" data-index=\"0\" data-style=\"{&quot;background_image_attachment&quot;:false,&quot;background_display&quot;:&quot;tile&quot;}\" >\n<div class=\"so-widget-sow-editor so-widget-sow-editor-base\">\n<div class=\"siteorigin-widget-tinymce textwidget\">\n\t<img loading=\"lazy\" decoding=\"async\" class=\"alignnone size-large wp-image-336\" src=\"http:\/\/www.itsco.edu.mx\/wp-content\/uploads\/2017\/08\/Banner-IIAs-01-1-1024x249.jpg\" alt=\"\" width=\"900\" height=\"219\" srcset=\"https:\/\/www.itsco.edu.mx\/wp-content\/uploads\/2017\/08\/Banner-IIAs-01-1-1024x249.jpg 1024w, https:\/\/www.itsco.edu.mx\/wp-content\/uploads\/2017\/08\/Banner-IIAs-01-1-300x73.jpg 300w, https:\/\/www.itsco.edu.mx\/wp-content\/uploads\/2017\/08\/Banner-IIAs-01-1-768x187.jpg 768w, https:\/\/www.itsco.edu.mx\/wp-content\/uploads\/2017\/08\/Banner-IIAs-01-1.jpg 1044w\" sizes=\"auto, (max-width: 900px) 100vw, 900px\" \/><\/p>\n<p><strong>Ingenier\u00eda en Innovaci\u00f3n Agr\u00edcola Sustentable<\/strong><\/p>\n<p><strong>IIAS-2010-221<\/strong><\/p>\n<p><strong>\u00a0<\/strong><\/p>\n<p><strong>Objetivo General<\/strong><\/p>\n<p style=\"text-align: justify;\">Formar profesionistas con bases cient\u00edfico-tecnol\u00f3gicas, comprometidos \u00e9tica y socialmente, que participen en el desarrollo local, regional y nacional en un contexto de sustentabilidad e innovaci\u00f3n, mediante la investigaci\u00f3n, validaci\u00f3n, transferencia, adaptaci\u00f3n y producci\u00f3n agr\u00edcola.<\/p>\n<p>&nbsp;<\/p>\n<p><strong>Especialidad de <\/strong><strong>Horticultura Intensiva<\/strong><\/p>\n<table width=\"631\">\n<tbody>\n<tr>\n<td width=\"395\">\u00a0<strong>Asignatura de la Especialidad <\/strong><\/td>\n<td width=\"151\"><strong>Clave de Asignatura <\/strong><\/td>\n<td width=\"85\"><strong>Cr\u00e9ditos <\/strong><\/td>\n<\/tr>\n<tr>\n<td width=\"395\">FRUTICULTURA GENERAL<\/td>\n<td width=\"151\">HOF-2101<\/td>\n<td width=\"85\">3-2-5<\/td>\n<\/tr>\n<tr>\n<td width=\"395\">PRODUCCI\u00d3N INTESIVA DE CA\u00d1A DE AZ\u00daCAR<\/td>\n<td width=\"151\">HOC-2102<\/td>\n<td width=\"85\">2-2-4<\/td>\n<\/tr>\n<tr>\n<td width=\"395\">AGRICULTURA PROTEGIDA<\/td>\n<td width=\"151\">HOC-2103<\/td>\n<td width=\"85\">2-2-4<\/td>\n<\/tr>\n<tr>\n<td width=\"395\">T\u00c9CNICAS DE CONSERVACI\u00d3N DE SUELOS Y AGUAS<\/td>\n<td width=\"151\">HOC-2104<\/td>\n<td width=\"85\">2-2-4<\/td>\n<\/tr>\n<tr>\n<td width=\"395\">SISTEMAS DE PRODUCCI\u00d3N ORG\u00c1NICA<\/td>\n<td width=\"151\">HOC-2105<\/td>\n<td width=\"85\">2-2-4<\/td>\n<\/tr>\n<tr>\n<td width=\"395\">MANEJO INTEGRADO DE PLAGAS Y ENFERMEDADES<\/td>\n<td width=\"151\">HOC-2106<\/td>\n<td width=\"85\">2-2-4<\/td>\n<\/tr>\n<\/tbody>\n<\/table>\n<p>&nbsp;<\/p>\n<p><strong>Perfil de Egreso<\/strong><\/p>\n<p><strong>\u00a0<\/strong><\/p>\n<ol>\n<li style=\"text-align: justify;\">Innova sistemas de producci\u00f3n bajo condiciones controladas, a fin de participar en la soluci\u00f3n de problemas agroalimentarios, mejora el nivel competitivo de los productores y de la econom\u00eda local, regional y nacional, al privilegiar la inocuidad de los productos alimentarios, as\u00ed como la protecci\u00f3n del medio ambiente, con compromiso \u00e9tico y profesional.<\/li>\n<li style=\"text-align: justify;\">Aplica los modelos de predicci\u00f3n para potenciar la producci\u00f3n y la comercializaci\u00f3n de los productos agr\u00edcolas, mediante el uso de las tecnolog\u00edas de la informaci\u00f3n y comunicaci\u00f3n.<\/li>\n<li style=\"text-align: justify;\">Emprende y desarrolla sistemas de producci\u00f3n agr\u00edcola sustentable, a trav\u00e9s del uso racional y organizado de los recursos disponibles y la innovaci\u00f3n tecnol\u00f3gica, con la finalidad de mejorar su productividad y lograr un equilibrio ambiental, con base en la legislaci\u00f3n nacional e internacional vigente para productos y servicios agr\u00edcolas con est\u00e1ndares de calidad.<\/li>\n<\/ol>\n<p>&nbsp;<\/p>\n<p><strong>\u00a0<\/strong><strong>Campo laboral<\/strong><\/p>\n<p>Sector Privado:<\/p>\n<ul>\n<li>Prestador de servicios profesionales con productores o instituciones oficiales.<\/li>\n<li>Asesor\u00eda y consultor\u00eda t\u00e9cnica.<\/li>\n<li>Realizar planes de negocio y proyectos de inversi\u00f3n<\/li>\n<li style=\"text-align: justify;\">Realizar labores profesionales de docencia, investigaci\u00f3n y extensi\u00f3n de nuevos conocimientos, metodolog\u00edas y tecnolog\u00edas, en los \u00e1mbitos de la agricultura protegida, inocuidad alimentaria y bioseguridad, para el mejor aprovechamiento de los recursos del agro.<\/li>\n<li>Participando en el dise\u00f1o, creaci\u00f3n, instalaci\u00f3n, operaci\u00f3n y mantenimiento de empresas agr\u00edcolas.<\/li>\n<li>Participar en el desarrollo y direcci\u00f3n t\u00e9cnica de empresas basadas en sistemas de producci\u00f3n.<\/li>\n<li>Prestar sus servicios en dependencias del sector agropecuario.<\/li>\n<li>Crear su propia empresa.<\/li>\n<\/ul>\n<p>&nbsp;<\/p>\n<p>Sector P\u00fablico:<\/p>\n<ul>\n<li style=\"text-align: justify;\">SAGARPA, SEDESOL, FIRA, Direcciones Municipales de Desarrollo Rural, Secretar\u00eda del Medio Ambiente, CONNAFOR entre otras.<\/li>\n<li>Realizar labores profesionales de docencia o investigaci\u00f3n a nivel medio y\/o Medio superior.<\/li>\n<\/ul>\n<\/div>\n<\/div>\n<\/div>\n<\/div>\n<div id=\"pgc-164-0-1\"  class=\"panel-grid-cell\"  data-weight=\"0.29960540962444\" >\n<div id=\"panel-164-0-1-0\" class=\"so-panel widget widget_sow-editor panel-first-child panel-last-child\" data-index=\"1\" data-style=\"{&quot;background_image_attachment&quot;:false,&quot;background_display&quot;:&quot;tile&quot;}\" >\n<div class=\"so-widget-sow-editor so-widget-sow-editor-base\">\n<h3 class=\"widget-title\">Ret\u00edcula Ingenier\u00eda en Innovaci\u00f3n Agr\u00edcola Sustentable<\/h3>\n<div class=\"siteorigin-widget-tinymce textwidget\">\n<p style=\"text-align: left;\"><a href=\"https:\/\/www.itsco.edu.mx\/wp-content\/uploads\/2022\/04\/Reticula-Ingenieria-en-Innovacion-Agricola-Sustentable.pdf\">DESCARGAR<\/a><\/p>\n<\/div>\n<\/div>\n<\/div>\n<\/div>\n<\/div>\n<\/div>\n<style type=\"text\/css\" class=\"panels-style\" data-panels-style-for-post=\"164\">@import url(https:\/\/www.itsco.edu.mx\/wp-content\/plugins\/siteorigin-panels\/css\/front-flex.min.css); #pgc-164-0-0 { width:70.0395%;width:calc(70.0395% - ( 0.29960540962444 * 30px ) ) } #pgc-164-0-1 { width:29.9605%;width:calc(29.9605% - ( 0.70039459037556 * 30px ) ) } #pl-164 .so-panel { margin-bottom:30px } #pl-164 .so-panel:last-of-type { margin-bottom:0px } #pg-164-0.panel-has-style > .panel-row-style, #pg-164-0.panel-no-style { -webkit-align-items:flex-start;align-items:flex-start } @media (max-width:780px){ #pg-164-0.panel-no-style, #pg-164-0.panel-has-style > .panel-row-style, #pg-164-0 { -webkit-flex-direction:column;-ms-flex-direction:column;flex-direction:column } #pg-164-0 > .panel-grid-cell , #pg-164-0 > .panel-row-style > .panel-grid-cell { width:100%;margin-right:0 } #pgc-164-0-0 { margin-bottom:30px } #pl-164 .panel-grid-cell { padding:0 } #pl-164 .panel-grid .panel-grid-cell-empty { display:none } #pl-164 .panel-grid .panel-grid-cell-mobile-last { margin-bottom:0px }  } <\/style>\n","protected":false},"excerpt":{"rendered":"<p>Ingenier\u00eda en Innovaci\u00f3n Agr\u00edcola Sustentable IIAS-2010-221 \u00a0 Objetivo General Formar profesionistas con bases cient\u00edfico-tecnol\u00f3gicas, comprometidos \u00e9tica y socialmente, que participen &hellip; <\/p>\n","protected":false},"author":1,"featured_media":0,"parent":0,"menu_order":0,"comment_status":"closed","ping_status":"closed","template":"","meta":{"footnotes":""},"class_list":["post-164","page","type-page","status-publish","hentry"],"_links":{"self":[{"href":"https:\/\/www.itsco.edu.mx\/index.php?rest_route=\/wp\/v2\/pages\/164","targetHints":{"allow":["GET"]}}],"collection":[{"href":"https:\/\/www.itsco.edu.mx\/index.php?rest_route=\/wp\/v2\/pages"}],"about":[{"href":"https:\/\/www.itsco.edu.mx\/index.php?rest_route=\/wp\/v2\/types\/page"}],"author":[{"embeddable":true,"href":"https:\/\/www.itsco.edu.mx\/index.php?rest_route=\/wp\/v2\/users\/1"}],"replies":[{"embeddable":true,"href":"https:\/\/www.itsco.edu.mx\/index.php?rest_route=%2Fwp%2Fv2%2Fcomments&post=164"}],"version-history":[{"count":26,"href":"https:\/\/www.itsco.edu.mx\/index.php?rest_route=\/wp\/v2\/pages\/164\/revisions"}],"predecessor-version":[{"id":3764,"href":"https:\/\/www.itsco.edu.mx\/index.php?rest_route=\/wp\/v2\/pages\/164\/revisions\/3764"}],"wp:attachment":[{"href":"https:\/\/www.itsco.edu.mx\/index.php?rest_route=%2Fwp%2Fv2%2Fmedia&parent=164"}],"curies":[{"name":"wp","href":"https:\/\/api.w.org\/{rel}","templated":true}]}}