{"id":166,"date":"2017-08-23T20:36:29","date_gmt":"2017-08-23T20:36:29","guid":{"rendered":"http:\/\/itsco.edu.mx\/?page_id=166"},"modified":"2022-04-01T04:10:30","modified_gmt":"2022-04-01T04:10:30","slug":"gestion","status":"publish","type":"page","link":"https:\/\/www.itsco.edu.mx\/?page_id=166","title":{"rendered":"Ingenier\u00eda en Gesti\u00f3n Empresarial"},"content":{"rendered":"<div id=\"pl-166\"  class=\"panel-layout\" >\n<div id=\"pg-166-0\"  class=\"panel-grid panel-no-style\"  data-style=\"{&quot;background_image_attachment&quot;:false,&quot;background_display&quot;:&quot;tile&quot;,&quot;cell_alignment&quot;:&quot;flex-start&quot;}\"  data-ratio=\"0.33333333\"  data-ratio-direction=\"right\" >\n<div id=\"pgc-166-0-0\"  class=\"panel-grid-cell\"  data-weight=\"0.70039459037556\" >\n<div id=\"panel-166-0-0-0\" class=\"so-panel widget widget_sow-editor panel-first-child panel-last-child\" data-index=\"0\" data-style=\"{&quot;background_image_attachment&quot;:false,&quot;background_display&quot;:&quot;tile&quot;}\" >\n<div class=\"so-widget-sow-editor so-widget-sow-editor-base\">\n<div class=\"siteorigin-widget-tinymce textwidget\">\n\t<img loading=\"lazy\" decoding=\"async\" class=\"alignnone wp-image-516 size-large\" src=\"http:\/\/www.itsco.edu.mx\/wp-content\/uploads\/2017\/11\/banner_Gestion-1024x384.jpg\" alt=\"\" width=\"900\" height=\"338\" srcset=\"https:\/\/www.itsco.edu.mx\/wp-content\/uploads\/2017\/11\/banner_Gestion-1024x384.jpg 1024w, https:\/\/www.itsco.edu.mx\/wp-content\/uploads\/2017\/11\/banner_Gestion-300x113.jpg 300w, https:\/\/www.itsco.edu.mx\/wp-content\/uploads\/2017\/11\/banner_Gestion-768x288.jpg 768w, https:\/\/www.itsco.edu.mx\/wp-content\/uploads\/2017\/11\/banner_Gestion-150x56.jpg 150w, https:\/\/www.itsco.edu.mx\/wp-content\/uploads\/2017\/11\/banner_Gestion.jpg 1600w\" sizes=\"auto, (max-width: 900px) 100vw, 900px\" \/><\/p>\n<p><strong>Ingenier\u00eda en Gesti\u00f3n Empresarial<\/strong><\/p>\n<p><strong>IGEM-2009-201<\/strong><\/p>\n<p><strong>\u00a0<\/strong><\/p>\n<p><strong>Objetivo General<\/strong><\/p>\n<p style=\"text-align: justify;\"><strong>\u00a0<\/strong>Formar profesionales que contribuyan a la gesti\u00f3n de empresas e innovaci\u00f3n de procesos; as\u00ed como al dise\u00f1o, implementaci\u00f3n y desarrollo de sistemas estrat\u00e9gicos de negocios, optimizando recursos en un entorno global, con \u00e9tica y responsabilidad social.<\/p>\n<p><strong>\u00a0<\/strong><\/p>\n<p><strong>Especialidad de <\/strong><strong>Gesti\u00f3n de la Mejora Continua e Innovaci\u00f3n<\/strong><\/p>\n<table width=\"629\">\n<tbody>\n<tr>\n<td width=\"385\">&nbsp;<\/p>\n<p><strong>Asignatura de la Especialidad <\/strong><\/p>\n<p>&nbsp;<\/td>\n<td width=\"161\"><strong>\u00a0<\/strong><\/p>\n<p><strong>Clave de Asignatura <\/strong><\/td>\n<td width=\"83\"><strong>Cr\u00e9ditos <\/strong><\/td>\n<\/tr>\n<tr>\n<td width=\"385\">PROYECTOS DE INNOVACI\u00d3N<\/td>\n<td width=\"161\">GMD-2101<\/td>\n<td width=\"83\">2-3-5<\/td>\n<\/tr>\n<tr>\n<td width=\"385\">EVALUACI\u00d3N FINANCIERA<\/td>\n<td width=\"161\">GMD-2102<\/td>\n<td width=\"83\">2-3-5<\/td>\n<\/tr>\n<tr>\n<td width=\"385\">HERRAMIENTAS PARA LA MEJORA CONTINUA I<\/td>\n<td width=\"161\">GMD-2103<\/td>\n<td width=\"83\">2-3-5<\/td>\n<\/tr>\n<tr>\n<td width=\"385\">INNOVACI\u00d3N ORGANIZACIONAL<\/td>\n<td width=\"161\">GMD-2104<\/td>\n<td width=\"83\">2-3-5<\/td>\n<\/tr>\n<tr>\n<td width=\"385\">TALLER DE SIMULACI\u00d3N DE NEGOCIOS<\/td>\n<td width=\"161\">GMD-2105<\/td>\n<td width=\"83\">2-3-5<\/td>\n<\/tr>\n<tr>\n<td width=\"385\">HERRAMIENTAS PARA LA MEJORA CONTINUA II<\/td>\n<td width=\"161\">GMD-2106<\/td>\n<td width=\"83\">2-3-5<\/td>\n<\/tr>\n<\/tbody>\n<\/table>\n<p><strong>\u00a0<\/strong><\/p>\n<p><strong>\u00a0<\/strong><strong>Perfil de Egreso<\/strong><\/p>\n<p><strong>\u00a0<\/strong><\/p>\n<ol>\n<li style=\"text-align: justify;\">Aplica habilidades directivas y de ingenier\u00eda en el dise\u00f1o, gesti\u00f3n, fortalecimiento e innovaci\u00f3n de las organizaciones para la toma de decisiones en forma efectiva, con una orientaci\u00f3n sist\u00e9mica y sustentable.<\/li>\n<li style=\"text-align: justify;\">Dise\u00f1a e innova estructuras administrativas y procesos, con base en las necesidades de las organizaciones para competir eficientemente en mercados globales.<\/li>\n<li style=\"text-align: justify;\">Gestiona eficientemente los recursos de la organizaci\u00f3n con visi\u00f3n compartida, con el fin de suministrar bienes y servicios de calidad.<\/li>\n<li style=\"text-align: justify;\">Aplica m\u00e9todos cuantitativos y cualitativos en el an\u00e1lisis e interpretaci\u00f3n de datos y modelado de sistemas en los procesos organizacionales, para la mejora continua atendiendo est\u00e1ndares de calidad mundial.<\/li>\n<li style=\"text-align: justify;\">Dise\u00f1a, y emprende nuevos negocios y proyectos empresariales sustentables en mercados competitivos, para promover el desarrollo.<\/li>\n<li style=\"text-align: justify;\">Dise\u00f1a e implementa estrategias de mercadotecnia basadas en informaci\u00f3n recopilada de fuentes primarias y secundarias, para incrementar la competitividad de las organizaciones.<\/li>\n<li style=\"text-align: justify;\">Implementa planes y programas de seguridad e higiene para el fortalecimiento del entorno laboral.<\/li>\n<li style=\"text-align: justify;\">Gestiona sistemas integrales de calidad para la mejora de los procesos, ejerciendo un liderazgo estrat\u00e9gico y un compromiso \u00e9tico.<\/li>\n<li style=\"text-align: justify;\">Aplica las normas legales para la creaci\u00f3n y desarrollo de las organizaciones.<\/li>\n<li style=\"text-align: justify;\">Dirige equipos de trabajo para la mejora continua y el crecimiento integral de las organizaciones.<\/li>\n<li style=\"text-align: justify;\">Interpreta la informaci\u00f3n financiera para detectar oportunidades de mejora e inversi\u00f3n en un mundo global, que propicien la rentabilidad del negocio.<\/li>\n<li style=\"text-align: justify;\">Utiliza las nuevas tecnolog\u00edas de informaci\u00f3n y comunicaci\u00f3n en la organizaci\u00f3n, para optimizar los procesos y la eficaz toma de decisiones.<\/li>\n<li style=\"text-align: justify;\">Promueve el desarrollo del capital humano, para la realizaci\u00f3n de los objetivos organizacionales, dentro de un marco \u00e9tico y un contexto multicultural.<\/li>\n<li style=\"text-align: justify;\">Aplica m\u00e9todos de investigaci\u00f3n para desarrollar e innovar modelos, sistemas, procesos y productos en las diferentes dimensiones de la organizaci\u00f3n.<\/li>\n<li style=\"text-align: justify;\">Gestiona la cadena de suministro de las organizaciones con un enfoque orientado a procesos para incrementar la productividad.<\/li>\n<li style=\"text-align: justify;\">Analiza las variables econ\u00f3micas para facilitar la toma estrat\u00e9gica de decisiones en la organizaci\u00f3n.<\/li>\n<li style=\"text-align: justify;\">Act\u00faa como agente de cambio para facilitar la mejora continua y el desempe\u00f1o de las organizaciones.<\/li>\n<li style=\"text-align: justify;\">Aplica m\u00e9todos, t\u00e9cnicas y herramientas para la soluci\u00f3n de problemas en la gesti\u00f3n empresarial con una visi\u00f3n estrat\u00e9gica.<\/li>\n<\/ol>\n<p>&nbsp;<\/p>\n<p><strong>Campo Laboral<\/strong><\/p>\n<ul>\n<li style=\"text-align: justify;\">Podr\u00e1 echar andar tu propia empresa o trabajar en diferentes sectores como la industrial, empresarial o gubernamental, as\u00ed como en organizaciones civiles y compa\u00f1\u00edas de servicios.<\/li>\n<li style=\"text-align: justify;\">Dise\u00f1o de proyectos de negocio.<\/li>\n<li style=\"text-align: justify;\">Planeaci\u00f3n estrat\u00e9gica de las compa\u00f1\u00edas.<\/li>\n<li style=\"text-align: justify;\">Re ingenier\u00eda y administraci\u00f3n de negocios para la actualizaci\u00f3n continua de procesos productivos y de servicios.<\/li>\n<li style=\"text-align: justify;\">Ingenier\u00eda financiera en la administraci\u00f3n, evaluaci\u00f3n y sincronizaci\u00f3n de proyectos de negocios y de propagaci\u00f3n.<\/li>\n<li style=\"text-align: justify;\">Desarrollo de proyectos de efectividad de ocupaciones de producci\u00f3n y la cadena de suministro de la empresa.<\/li>\n<li style=\"text-align: justify;\">Creaci\u00f3n de negocios.<\/li>\n<li style=\"text-align: justify;\">Desarrollo de nuevos proyectos de expansi\u00f3n-ingenier\u00eda de proyectos<\/li>\n<li style=\"text-align: justify;\">Administraci\u00f3n de proyectos.<\/li>\n<li style=\"text-align: justify;\">Consultora en administraci\u00f3n de la manufactura, calidad y efectividad.<\/li>\n<\/ul>\n<p>&nbsp;<\/p><\/div>\n<\/div>\n<\/div>\n<\/div>\n<div id=\"pgc-166-0-1\"  class=\"panel-grid-cell\"  data-weight=\"0.29960540962444\" >\n<div id=\"panel-166-0-1-0\" class=\"so-panel widget widget_text panel-first-child\" data-index=\"1\" data-style=\"{&quot;background_image_attachment&quot;:false,&quot;background_display&quot;:&quot;tile&quot;}\" >\n<h3 class=\"widget-title\">Ret\u00edcula Ingenier\u00eda en Gesti\u00f3n Empresrial<\/h3>\n<div class=\"textwidget\">\n<p><a href=\"https:\/\/www.itsco.edu.mx\/wp-content\/uploads\/2022\/04\/Reticula-Ingenieria-en-Gestion-Empresarial.pdf\">DESCARGAR<\/a><\/p>\n<\/div><\/div>\n<div id=\"panel-166-0-1-1\" class=\"so-panel widget widget_custom_html panel-last-child\" data-index=\"2\" data-style=\"{&quot;background_image_attachment&quot;:false,&quot;background_display&quot;:&quot;tile&quot;}\" >[siteorigin_widget class=\u00bbWP_Widget_Custom_HTML\u00bb]<input type=\"hidden\" value=\"{&quot;instance&quot;:{&quot;title&quot;:&quot;Contacta a tu jefe de carrera&quot;,&quot;content&quot;:&quot;&lt;div id=\\&quot;headera\\&quot;&gt;\\n&lt;ul class=\\&quot;nava\\&quot;&gt;\\n&lt;li&gt;&lt;a href=\\&quot;http:\\\/\\\/www.itsco.edu.mx\\\/?page_id=708\\&quot;&gt;Contacta a tu jefe &lt;br \\\/&gt; de carrera &lt;\\\/a&gt;&lt;\\\/li&gt;\\n\\n&lt;\\\/ul&gt;\\n&lt;\\\/div&gt;&quot;,&quot;id&quot;:&quot;custom_html-16610001&quot;,&quot;option_name&quot;:&quot;widget_custom_html&quot;,&quot;so_sidebar_emulator_id&quot;:&quot;custom_html-16610002&quot;},&quot;args&quot;:{&quot;before_widget&quot;:&quot;&lt;div id=\\&quot;panel-166-0-1-1\\&quot; class=\\&quot;so-panel widget widget_custom_html panel-last-child\\&quot; data-index=\\&quot;2\\&quot; data-style=\\&quot;{&amp;quot;background_image_attachment&amp;quot;:false,&amp;quot;background_display&amp;quot;:&amp;quot;tile&amp;quot;}\\&quot; &gt;&quot;,&quot;after_widget&quot;:&quot;&lt;\\\/div&gt;&quot;,&quot;before_title&quot;:&quot;&lt;h3 class=\\&quot;widget-title\\&quot;&gt;&quot;,&quot;after_title&quot;:&quot;&lt;\\\/h3&gt;&quot;,&quot;widget_id&quot;:&quot;widget-0-1-1&quot;}}\" \/>[\/siteorigin_widget]<\/div>\n<\/div>\n<\/div>\n<\/div>\n<style type=\"text\/css\" class=\"panels-style\" data-panels-style-for-post=\"166\">@import url(https:\/\/www.itsco.edu.mx\/wp-content\/plugins\/siteorigin-panels\/css\/front-flex.min.css); #pgc-166-0-0 { width:70.0395%;width:calc(70.0395% - ( 0.29960540962444 * 30px ) ) } #pgc-166-0-1 { width:29.9605%;width:calc(29.9605% - ( 0.70039459037556 * 30px ) ) } #pl-166 .so-panel { margin-bottom:30px } #pl-166 .so-panel:last-of-type { margin-bottom:0px } #pg-166-0.panel-has-style > .panel-row-style, #pg-166-0.panel-no-style { -webkit-align-items:flex-start;align-items:flex-start } @media (max-width:780px){ #pg-166-0.panel-no-style, #pg-166-0.panel-has-style > .panel-row-style, #pg-166-0 { -webkit-flex-direction:column;-ms-flex-direction:column;flex-direction:column } #pg-166-0 > .panel-grid-cell , #pg-166-0 > .panel-row-style > .panel-grid-cell { width:100%;margin-right:0 } #pgc-166-0-0 { margin-bottom:30px } #pl-166 .panel-grid-cell { padding:0 } #pl-166 .panel-grid .panel-grid-cell-empty { display:none } #pl-166 .panel-grid .panel-grid-cell-mobile-last { margin-bottom:0px }  } <\/style>\n","protected":false},"excerpt":{"rendered":"<p>Ingenier\u00eda en Gesti\u00f3n Empresarial IGEM-2009-201 \u00a0 Objetivo General \u00a0Formar profesionales que contribuyan a la gesti\u00f3n de empresas e innovaci\u00f3n de &hellip; <\/p>\n","protected":false},"author":1,"featured_media":0,"parent":0,"menu_order":0,"comment_status":"closed","ping_status":"closed","template":"","meta":{"footnotes":""},"class_list":["post-166","page","type-page","status-publish","hentry"],"_links":{"self":[{"href":"https:\/\/www.itsco.edu.mx\/index.php?rest_route=\/wp\/v2\/pages\/166","targetHints":{"allow":["GET"]}}],"collection":[{"href":"https:\/\/www.itsco.edu.mx\/index.php?rest_route=\/wp\/v2\/pages"}],"about":[{"href":"https:\/\/www.itsco.edu.mx\/index.php?rest_route=\/wp\/v2\/types\/page"}],"author":[{"embeddable":true,"href":"https:\/\/www.itsco.edu.mx\/index.php?rest_route=\/wp\/v2\/users\/1"}],"replies":[{"embeddable":true,"href":"https:\/\/www.itsco.edu.mx\/index.php?rest_route=%2Fwp%2Fv2%2Fcomments&post=166"}],"version-history":[{"count":28,"href":"https:\/\/www.itsco.edu.mx\/index.php?rest_route=\/wp\/v2\/pages\/166\/revisions"}],"predecessor-version":[{"id":3762,"href":"https:\/\/www.itsco.edu.mx\/index.php?rest_route=\/wp\/v2\/pages\/166\/revisions\/3762"}],"wp:attachment":[{"href":"https:\/\/www.itsco.edu.mx\/index.php?rest_route=%2Fwp%2Fv2%2Fmedia&parent=166"}],"curies":[{"name":"wp","href":"https:\/\/api.w.org\/{rel}","templated":true}]}}