{"id":172,"date":"2017-08-23T20:37:06","date_gmt":"2017-08-23T20:37:06","guid":{"rendered":"http:\/\/itsco.edu.mx\/?page_id=172"},"modified":"2022-04-01T23:52:00","modified_gmt":"2022-04-01T23:52:00","slug":"renovables","status":"publish","type":"page","link":"https:\/\/www.itsco.edu.mx\/?page_id=172","title":{"rendered":"Ingenier\u00eda en Energ\u00edas Renovables"},"content":{"rendered":"<div id=\"pl-172\"  class=\"panel-layout\" >\n<div id=\"pg-172-0\"  class=\"panel-grid panel-no-style\"  data-style=\"{&quot;background_image_attachment&quot;:false,&quot;background_display&quot;:&quot;tile&quot;,&quot;cell_alignment&quot;:&quot;flex-start&quot;}\"  data-ratio=\"0.33333333\"  data-ratio-direction=\"right\" >\n<div id=\"pgc-172-0-0\"  class=\"panel-grid-cell\"  data-weight=\"0.750000001875\" >\n<div id=\"panel-172-0-0-0\" class=\"so-panel widget widget_sow-editor panel-first-child panel-last-child\" data-index=\"0\" data-style=\"{&quot;background_image_attachment&quot;:false,&quot;background_display&quot;:&quot;tile&quot;}\" >\n<div class=\"so-widget-sow-editor so-widget-sow-editor-base\">\n<div class=\"siteorigin-widget-tinymce textwidget\">\n\t<img loading=\"lazy\" decoding=\"async\" class=\"alignnone wp-image-364 size-full\" src=\"http:\/\/itsco.edu.mx\/wp-content\/uploads\/2017\/08\/bannerRenovable.jpg\" alt=\"\" width=\"961\" height=\"433\" srcset=\"https:\/\/www.itsco.edu.mx\/wp-content\/uploads\/2017\/08\/bannerRenovable.jpg 961w, https:\/\/www.itsco.edu.mx\/wp-content\/uploads\/2017\/08\/bannerRenovable-300x135.jpg 300w, https:\/\/www.itsco.edu.mx\/wp-content\/uploads\/2017\/08\/bannerRenovable-768x346.jpg 768w\" sizes=\"auto, (max-width: 961px) 100vw, 961px\" \/><\/p>\n<p>&nbsp;<\/p>\n<p><strong>Ingenier\u00eda en Energ\u00edas Renovables<\/strong><\/p>\n<p><strong>IENR-2010-217<\/strong><\/p>\n<p><strong>\u00a0<\/strong><\/p>\n<p><strong>Objetivo General<\/strong><\/p>\n<p style=\"text-align: justify;\">Formar profesionales que desarrollen proyectos de generaci\u00f3n, transformaci\u00f3n, almacenamiento y gesti\u00f3n de energ\u00eda proveniente de fuentes renovables; competentes en el dise\u00f1o, implementaci\u00f3n y evaluaci\u00f3n de tecnolog\u00edas limpias para el uso eficiente de la energ\u00eda en el entorno nacional e internacional.<\/p>\n<p>&nbsp;<\/p>\n<p><strong>Especialidad <\/strong><strong>de<\/strong> <strong>Innovaci\u00f3n en Sistemas de Energ\u00edas Renovables<\/strong><\/p>\n<p>&nbsp;<\/p>\n<table width=\"621\">\n<tbody>\n<tr>\n<td width=\"376\">&nbsp;<\/p>\n<p><strong>Asignatura de la Especialidad<\/strong><\/p>\n<p><strong>\u00a0<\/strong><\/td>\n<td width=\"170\"><strong>\u00a0<\/strong><\/p>\n<p><strong>Clave de Asignatura <\/strong><\/td>\n<td width=\"75\"><strong>\u00a0<\/strong><\/p>\n<p><strong>Cr\u00e9ditos <\/strong><\/td>\n<\/tr>\n<tr>\n<td width=\"376\">BIOENERG\u00cdA<\/td>\n<td width=\"170\">ISD-2101<\/td>\n<td width=\"75\">2-3-5<\/td>\n<\/tr>\n<tr>\n<td width=\"376\">HIDROENERG\u00cdA<\/td>\n<td width=\"170\">ISD-2102<\/td>\n<td width=\"75\">2-3-5<\/td>\n<\/tr>\n<tr>\n<td width=\"376\">BALANCE Y POTENCIAL ENERG\u00c9TICO<\/td>\n<td width=\"170\">ISF-2103<\/td>\n<td width=\"75\">3-2-5<\/td>\n<\/tr>\n<tr>\n<td width=\"376\">AHORRO Y USO EFICIENTE DE LA ENERG\u00cdA<\/td>\n<td width=\"170\">ISD-2104<\/td>\n<td width=\"75\">2-3-5<\/td>\n<\/tr>\n<tr>\n<td width=\"376\">TALLER DE SISTEMAS ENERG\u00c9TICOS RENOVABLES<\/td>\n<td width=\"170\">ISB-2105<\/td>\n<td width=\"75\">1-4-5<\/td>\n<\/tr>\n<\/tbody>\n<\/table>\n<p><strong>\u00a0<\/strong><\/p>\n<p><strong>Perfil de Egreso<\/strong><\/p>\n<p style=\"text-align: justify;\"><strong>\u00a0<\/strong>Formula, eval\u00faa y gestiona estrategias en proyectos de energ\u00eda renovable con base a la normatividad vigente, para promover la eficiencia y la sustentabilidad energ\u00e9tica.<\/p>\n<ol>\n<li style=\"text-align: justify;\">Dise\u00f1a e implementa sistemas energ\u00e9ticos renovables para promover la competitividad de los sectores productivos.<\/li>\n<li style=\"text-align: justify;\">Analiza y eval\u00faa la factibilidad de implementar procesos derivados de actividades de transformaci\u00f3n y producci\u00f3n para el tratamiento de subproductos org\u00e1nicos.<\/li>\n<li style=\"text-align: justify;\">Dise\u00f1a, implementa y eval\u00faa sistemas de generaci\u00f3n el\u00e9ctrica con fuentes alternativas para operar de forma aislada o interconectada a la red el\u00e9ctrica.<\/li>\n<li style=\"text-align: justify;\">Aplica habilidades para establecer su propia empresa contribuyendo al desarrollo social, econ\u00f3mico, tecnol\u00f3gico y ambiental de su entorno.<\/li>\n<li style=\"text-align: justify;\">Dise\u00f1a proyectos de investigaci\u00f3n, desarrollo e innovaci\u00f3n tecnol\u00f3gica, relacionados con la energ\u00eda proveniente de fuentes renovables para optimizar los recursos energ\u00e9ticos.<\/li>\n<li style=\"text-align: justify;\">Identifica y eval\u00faa el recurso energ\u00e9tico renovable disponible en el entorno para la producci\u00f3n de energ\u00eda con calidad.<\/li>\n<li style=\"text-align: justify;\">Contribuye al desarrollo de transferencia de tecnolog\u00edas limpias a los sectores productivos para prevenir y mitigar los efectos del cambio clim\u00e1tico.<\/li>\n<\/ol>\n<p>&nbsp;<\/p>\n<p><strong>Campo Laboral:<\/strong><\/p>\n<p style=\"text-align: justify;\">\u00c1reas de ingenier\u00eda, docencia, servicios, construcci\u00f3n y mantenimiento y consultor\u00eda, en los diferentes sectores econ\u00f3micos: de manufactura, servicios, industria privada y p\u00fablica.<\/p>\n<p>Ocupaciones:<\/p>\n<ul>\n<li>Ingeniero de planta<\/li>\n<li>Ingeniero de nuevos proyectos<\/li>\n<li>Ingeniero de mantenimiento de equipo<\/li>\n<li>Ingeniero de dise\u00f1o el\u00e9ctrico<\/li>\n<li>Residente de construcci\u00f3n<\/li>\n<li>Docente del \u00e1rea el\u00e9ctrica<\/li>\n<li>\u200b\u200b\u200bConsultor de diagn\u00f3stico energ\u00e9tico.<\/li>\n<\/ul>\n<p>&nbsp;<\/p><\/div>\n<\/div>\n<\/div>\n<\/div>\n<div id=\"pgc-172-0-1\"  class=\"panel-grid-cell\"  data-weight=\"0.249999998125\" >\n<div id=\"panel-172-0-1-0\" class=\"so-panel widget widget_text panel-first-child\" data-index=\"1\" data-style=\"{&quot;background_image_attachment&quot;:false,&quot;background_display&quot;:&quot;tile&quot;}\" >\n<h3 class=\"widget-title\">Ret\u00edcula Ingenier\u00eda en Energ\u00edas Renovables<\/h3>\n<div class=\"textwidget\">\n<p><a href=\"https:\/\/www.itsco.edu.mx\/wp-content\/uploads\/2022\/04\/Reticula-Ingenieria-en-Energias-Renovables.pdf\">DESCARGAR<\/a><\/p>\n<\/div><\/div>\n<div id=\"panel-172-0-1-1\" class=\"so-panel widget widget_custom_html panel-last-child\" data-index=\"2\" data-style=\"{&quot;background_image_attachment&quot;:false,&quot;background_display&quot;:&quot;tile&quot;}\" >[siteorigin_widget class=\u00bbWP_Widget_Custom_HTML\u00bb]<input type=\"hidden\" value=\"{&quot;instance&quot;:{&quot;title&quot;:&quot;Contacto&quot;,&quot;content&quot;:&quot;&lt;div id=\\&quot;headera\\&quot;&gt;\\n&lt;ul class=\\&quot;nava\\&quot;&gt;\\n&lt;li&gt;&lt;a href=\\&quot;http:\\\/\\\/www.itsco.edu.mx\\\/?page_id=708\\&quot;&gt;Contacta a tu jefe &lt;br \\\/&gt; de carrera &lt;\\\/a&gt;&lt;\\\/li&gt;\\n\\n&lt;\\\/ul&gt;\\n&lt;\\\/div&gt;&quot;,&quot;so_sidebar_emulator_id&quot;:&quot;custom_html-17210002&quot;,&quot;option_name&quot;:&quot;widget_custom_html&quot;},&quot;args&quot;:{&quot;before_widget&quot;:&quot;&lt;div id=\\&quot;panel-172-0-1-1\\&quot; class=\\&quot;so-panel widget widget_custom_html panel-last-child\\&quot; data-index=\\&quot;2\\&quot; data-style=\\&quot;{&amp;quot;background_image_attachment&amp;quot;:false,&amp;quot;background_display&amp;quot;:&amp;quot;tile&amp;quot;}\\&quot; &gt;&quot;,&quot;after_widget&quot;:&quot;&lt;\\\/div&gt;&quot;,&quot;before_title&quot;:&quot;&lt;h3 class=\\&quot;widget-title\\&quot;&gt;&quot;,&quot;after_title&quot;:&quot;&lt;\\\/h3&gt;&quot;,&quot;widget_id&quot;:&quot;widget-0-1-1&quot;}}\" \/>[\/siteorigin_widget]<\/div>\n<\/div>\n<\/div>\n<\/div>\n<style type=\"text\/css\" class=\"panels-style\" data-panels-style-for-post=\"172\">@import url(https:\/\/www.itsco.edu.mx\/wp-content\/plugins\/siteorigin-panels\/css\/front-flex.min.css); #pgc-172-0-0 { width:75%;width:calc(75% - ( 0.249999998125 * 30px ) ) } #pgc-172-0-1 { width:25%;width:calc(25% - ( 0.750000001875 * 30px ) ) } #pl-172 .so-panel { margin-bottom:30px } #pl-172 .so-panel:last-of-type { margin-bottom:0px } #pg-172-0.panel-has-style > .panel-row-style, #pg-172-0.panel-no-style { -webkit-align-items:flex-start;align-items:flex-start } @media (max-width:780px){ #pg-172-0.panel-no-style, #pg-172-0.panel-has-style > .panel-row-style, #pg-172-0 { -webkit-flex-direction:column;-ms-flex-direction:column;flex-direction:column } #pg-172-0 > .panel-grid-cell , #pg-172-0 > .panel-row-style > .panel-grid-cell { width:100%;margin-right:0 } #pgc-172-0-0 { margin-bottom:30px } #pl-172 .panel-grid-cell { padding:0 } #pl-172 .panel-grid .panel-grid-cell-empty { display:none } #pl-172 .panel-grid .panel-grid-cell-mobile-last { margin-bottom:0px }  } <\/style>\n","protected":false},"excerpt":{"rendered":"<p>&nbsp; Ingenier\u00eda en Energ\u00edas Renovables IENR-2010-217 \u00a0 Objetivo General Formar profesionales que desarrollen proyectos de generaci\u00f3n, transformaci\u00f3n, almacenamiento y gesti\u00f3n &hellip; <\/p>\n","protected":false},"author":1,"featured_media":0,"parent":0,"menu_order":0,"comment_status":"closed","ping_status":"closed","template":"","meta":{"footnotes":""},"class_list":["post-172","page","type-page","status-publish","hentry"],"_links":{"self":[{"href":"https:\/\/www.itsco.edu.mx\/index.php?rest_route=\/wp\/v2\/pages\/172","targetHints":{"allow":["GET"]}}],"collection":[{"href":"https:\/\/www.itsco.edu.mx\/index.php?rest_route=\/wp\/v2\/pages"}],"about":[{"href":"https:\/\/www.itsco.edu.mx\/index.php?rest_route=\/wp\/v2\/types\/page"}],"author":[{"embeddable":true,"href":"https:\/\/www.itsco.edu.mx\/index.php?rest_route=\/wp\/v2\/users\/1"}],"replies":[{"embeddable":true,"href":"https:\/\/www.itsco.edu.mx\/index.php?rest_route=%2Fwp%2Fv2%2Fcomments&post=172"}],"version-history":[{"count":13,"href":"https:\/\/www.itsco.edu.mx\/index.php?rest_route=\/wp\/v2\/pages\/172\/revisions"}],"predecessor-version":[{"id":3794,"href":"https:\/\/www.itsco.edu.mx\/index.php?rest_route=\/wp\/v2\/pages\/172\/revisions\/3794"}],"wp:attachment":[{"href":"https:\/\/www.itsco.edu.mx\/index.php?rest_route=%2Fwp%2Fv2%2Fmedia&parent=172"}],"curies":[{"name":"wp","href":"https:\/\/api.w.org\/{rel}","templated":true}]}}