{"id":174,"date":"2017-08-23T20:37:18","date_gmt":"2017-08-23T20:37:18","guid":{"rendered":"http:\/\/itsco.edu.mx\/?page_id=174"},"modified":"2022-04-01T23:50:24","modified_gmt":"2022-04-01T23:50:24","slug":"electronica","status":"publish","type":"page","link":"https:\/\/www.itsco.edu.mx\/?page_id=174","title":{"rendered":"Ingenier\u00eda Electr\u00f3nica"},"content":{"rendered":"<div id=\"pl-174\"  class=\"panel-layout\" >\n<div id=\"pg-174-0\"  class=\"panel-grid panel-no-style\"  data-style=\"{&quot;background_image_attachment&quot;:false,&quot;background_display&quot;:&quot;tile&quot;,&quot;cell_alignment&quot;:&quot;flex-start&quot;}\"  data-ratio=\"0.33333333\"  data-ratio-direction=\"right\" >\n<div id=\"pgc-174-0-0\"  class=\"panel-grid-cell\"  data-weight=\"0.70039459037556\" >\n<div id=\"panel-174-0-0-0\" class=\"so-panel widget widget_sow-editor panel-first-child panel-last-child\" data-index=\"0\" data-style=\"{&quot;background_image_attachment&quot;:false,&quot;background_display&quot;:&quot;tile&quot;}\" >\n<div class=\"so-widget-sow-editor so-widget-sow-editor-base\">\n<div class=\"siteorigin-widget-tinymce textwidget\">\n<p><img loading=\"lazy\" decoding=\"async\" class=\"wp-image-295 size-large\" src=\"http:\/\/itsco.edu.mx\/wp-content\/uploads\/2017\/08\/banner_Elec-1-1024x384.jpg\" alt=\"\" width=\"1024\" height=\"384\" srcset=\"https:\/\/www.itsco.edu.mx\/wp-content\/uploads\/2017\/08\/banner_Elec-1-1024x384.jpg 1024w, https:\/\/www.itsco.edu.mx\/wp-content\/uploads\/2017\/08\/banner_Elec-1-300x113.jpg 300w, https:\/\/www.itsco.edu.mx\/wp-content\/uploads\/2017\/08\/banner_Elec-1-768x288.jpg 768w, https:\/\/www.itsco.edu.mx\/wp-content\/uploads\/2017\/08\/banner_Elec-1.jpg 1600w\" sizes=\"auto, (max-width: 1024px) 100vw, 1024px\" \/><\/p>\n<p><strong>Ingenier\u00eda Electr\u00f3nica<\/strong><\/p>\n<p><strong>IELC-2010-211<\/strong><\/p>\n<p><strong>\u00a0<\/strong><\/p>\n<p><strong>Objetivo General<\/strong><\/p>\n<p>&nbsp;<\/p>\n<p style=\"text-align: justify;\">Formar profesionistas competentes para dise\u00f1ar, modelar, implementar, operar, integrar, mantener, instalar y administrar sistemas electr\u00f3nicos; as\u00ed como innovar y transferir tecnolog\u00eda electr\u00f3nica existente y emergente en proyectos interdisciplinarios y multidisciplinarios, a nivel nacional e internacional, con capacidad de resolver problemas y atender las necesidades de su entorno con \u00e9tica, actitud anal\u00edtica, emprendedora y creativa, comprometidos con el desarrollo sustentable.<\/p>\n<p><strong>\u00a0<\/strong><strong>\u00a0<\/strong><\/p>\n<p><strong>Especialidad de Instrumentaci\u00f3n y Control <\/strong><\/p>\n<p>&nbsp;<\/p>\n<table width=\"621\">\n<tbody>\n<tr>\n<td width=\"385\"><strong>Asignatura de la Especialidad<\/strong><\/p>\n<p><strong>\u00a0<\/strong><\/p>\n<\/td>\n<td width=\"161\"><strong>\u00a0<\/strong><strong>Clave de Asignatura <\/strong><\/td>\n<td width=\"76\"><strong>\u00a0<\/strong><strong>Cr\u00e9ditos <\/strong><\/td>\n<\/tr>\n<tr>\n<td width=\"385\">INSTRUMENTACI\u00d3N INDUSTRIAL<\/td>\n<td width=\"161\">INF-2101<\/td>\n<td width=\"76\">3-2-5<\/td>\n<\/tr>\n<tr>\n<td width=\"385\">CONTROL DE PROCESOS I<\/td>\n<td width=\"161\">INF-2102<\/td>\n<td width=\"76\">3-2-5<\/td>\n<\/tr>\n<tr>\n<td width=\"385\">MEDICI\u00d3N E INSTRUMENTACI\u00d3N VIRTUAL<\/td>\n<td width=\"161\">IND-2103<\/td>\n<td width=\"76\">2-3-5<\/td>\n<\/tr>\n<tr>\n<td width=\"385\">AUTOMATIZACI\u00d3N<\/td>\n<td width=\"161\">IND-2104<\/td>\n<td width=\"76\">2-3-5<\/td>\n<\/tr>\n<tr>\n<td width=\"385\">INTELIGENCIA ARTIFICIAL DIFUSA<\/td>\n<td width=\"161\">INF-2105<\/td>\n<td width=\"76\">3-2-5<\/td>\n<\/tr>\n<tr>\n<td width=\"385\">CONTROL DE PROCESOS II<\/td>\n<td width=\"161\">INF-2106<\/td>\n<td width=\"76\">3-2-5<\/td>\n<\/tr>\n<\/tbody>\n<\/table>\n<p><strong>\u00a0<\/strong><\/p>\n<p><strong>Perfil de Egreso<\/strong><\/p>\n<ol>\n<li style=\"text-align: justify;\">Dise\u00f1a, analiza y construye equipos y\/o sistemas electr\u00f3nicos para la soluci\u00f3n de problemas en el entorno profesional, aplicando normas t\u00e9cnicas y est\u00e1ndares nacionales e internacionales.<\/li>\n<li style=\"text-align: justify;\">Crea, innova y transfiere tecnolog\u00eda aplicando m\u00e9todos y procedimientos en proyectos de ingenier\u00eda electr\u00f3nica, tomando en cuenta el desarrollo sustentable del entorno.<\/li>\n<li style=\"text-align: justify;\">Promueve y participa en programas de mejora continua, aplicando normas de calidad para lograr mayor eficiencia en los procesos del \u00e1mbito profesional.<\/li>\n<li style=\"text-align: justify;\">Planea, organiza, dirige y controla actividades de instalaci\u00f3n, actualizaci\u00f3n, operaci\u00f3n y mantenimiento de equipos y\/o sistemas electr\u00f3nicos para la optimizaci\u00f3n de procesos.<\/li>\n<li style=\"text-align: justify;\">Aplica las Tecnolog\u00edas de la Informaci\u00f3n y la Comunicaci\u00f3n para la gesti\u00f3n de informaci\u00f3n en la soluci\u00f3n de problemas.<\/li>\n<li style=\"text-align: justify;\">Colabora en proyectos de investigaci\u00f3n para propiciar el desarrollo tecnol\u00f3gico en su entorno.<\/li>\n<li style=\"text-align: justify;\">Ejerce la profesi\u00f3n de manera responsable, \u00e9tica y dentro del marco legal en su vida profesional en beneficio de la sociedad.<\/li>\n<li style=\"text-align: justify;\">Expresa sus ideas en forma oral y escrita en el \u00e1mbito profesional para comunicarse efectivamente en espa\u00f1ol y en un idioma extranjero.<\/li>\n<li style=\"text-align: justify;\">Asume actitudes emprendedoras, de liderazgo y desarrolla habilidades para la toma de decisiones en su \u00e1mbito profesional.<\/li>\n<li style=\"text-align: justify;\">Compromete su formaci\u00f3n integral permanente para su actualizaci\u00f3n profesional.<\/li>\n<li style=\"text-align: justify;\">Dirige y participa en equipos de trabajo interdisciplinario y multidisciplinario para el desarrollo de proyectos afines a su perfil en contextos nacionales e internacionales.<\/li>\n<li style=\"text-align: justify;\">Capacita recursos humanos para su actualizaci\u00f3n en las diversas \u00e1reas de aplicaci\u00f3n de su entorno en el \u00e1mbito de la ingenier\u00eda electr\u00f3nica.<\/li>\n<li style=\"text-align: justify;\">Obtiene y simula modelos para predecir el comportamiento de sistemas electr\u00f3nicos empleando plataformas computacionales.<\/li>\n<li style=\"text-align: justify;\">Selecciona y opera equipo de medici\u00f3n y prueba para diagn\u00f3stico y an\u00e1lisis de par\u00e1metros el\u00e9ctricos.<\/li>\n<li style=\"text-align: justify;\">Utiliza lenguajes de descripci\u00f3n de hardware y programaci\u00f3n de microcontroladores en el dise\u00f1o de sistemas digitales para su aplicaci\u00f3n en la resoluci\u00f3n de problemas.<\/li>\n<li style=\"text-align: justify;\">Resuelve problemas en el sector productivo para la optimizaci\u00f3n de procesos, mediante la automatizaci\u00f3n, instrumentaci\u00f3n y control.<\/li>\n<li style=\"text-align: justify;\">Desarrolla aplicaciones en lenguajes de programaci\u00f3n de alto nivel para la soluci\u00f3n de problemas relacionados con las diferentes disciplinas en el \u00e1rea.<\/li>\n<li style=\"text-align: justify;\">Dise\u00f1a e implementa interfaces gr\u00e1ficas de usuario para facilitar la interacci\u00f3n entre el ser humano, los equipos y sistemas electr\u00f3nicos.<\/li>\n<\/ol>\n<p>&nbsp;<\/p>\n<p><strong>Campo laboral:<\/strong><\/p>\n<p style=\"text-align: center;\">Pueden desempe\u00f1arse en \u00e1reas de dise\u00f1o, an\u00e1lisis, manejo, implementaci\u00f3n y mantenimiento de aplicaciones y sistemas electr\u00f3nicos y de comunicaciones, en diversas empresas e industrias, como:<\/p>\n<ul>\n<li style=\"text-align: justify;\">Medios de comunicaci\u00f3n: Canales de TV y Radio.<\/li>\n<li style=\"text-align: justify;\">Empresas de telecomunicaciones.<\/li>\n<li style=\"text-align: justify;\">Hospitales y cl\u00ednicas.<\/li>\n<li style=\"text-align: justify;\">Industria petrolera: Telem\u00e1tica, Telemetr\u00eda, comunicaciones, control e instrumentaci\u00f3n.<\/li>\n<\/ul>\n<p>&nbsp;<\/p>\n<\/div>\n<\/div>\n<\/div>\n<\/div>\n<div id=\"pgc-174-0-1\"  class=\"panel-grid-cell\"  data-weight=\"0.29960540962444\" >\n<div id=\"panel-174-0-1-0\" class=\"so-panel widget widget_sow-editor panel-first-child\" data-index=\"1\" data-style=\"{&quot;background_image_attachment&quot;:false,&quot;background_display&quot;:&quot;tile&quot;}\" >\n<div class=\"so-widget-sow-editor so-widget-sow-editor-base\">\n<h3 class=\"widget-title\">Ret\u00edcula Ingenier\u00eda Electr\u00f3nica<\/h3>\n<div class=\"siteorigin-widget-tinymce textwidget\">\n<p><a href=\"http:\/\/www.itsco.edu.mx\/wp-content\/uploads\/2019\/02\/RETICULA_ELECTRONICA_2018.pdf\">DESCARGAR<\/a><\/p>\n<\/div>\n<\/div>\n<\/div>\n<div id=\"panel-174-0-1-1\" class=\"so-panel widget widget_custom_html panel-last-child\" data-index=\"2\" data-style=\"{&quot;background_image_attachment&quot;:false,&quot;background_display&quot;:&quot;tile&quot;}\" >[siteorigin_widget class=\u00bbWP_Widget_Custom_HTML\u00bb]<input type=\"hidden\" value=\"{&quot;instance&quot;:{&quot;title&quot;:&quot;Contacto&quot;,&quot;content&quot;:&quot;&lt;div id=\\&quot;headera\\&quot;&gt;\\n&lt;ul class=\\&quot;nava\\&quot;&gt;\\n&lt;li&gt;&lt;a href=\\&quot;http:\\\/\\\/www.itsco.edu.mx\\\/?page_id=708\\&quot;&gt;Contacta a tu jefe &lt;br \\\/&gt; de carrera &lt;\\\/a&gt;&lt;\\\/li&gt;\\n\\n&lt;\\\/ul&gt;\\n&lt;\\\/div&gt;&quot;,&quot;so_sidebar_emulator_id&quot;:&quot;custom_html-17410002&quot;,&quot;option_name&quot;:&quot;widget_custom_html&quot;},&quot;args&quot;:{&quot;before_widget&quot;:&quot;&lt;div id=\\&quot;panel-174-0-1-1\\&quot; class=\\&quot;so-panel widget widget_custom_html panel-last-child\\&quot; data-index=\\&quot;2\\&quot; data-style=\\&quot;{&amp;quot;background_image_attachment&amp;quot;:false,&amp;quot;background_display&amp;quot;:&amp;quot;tile&amp;quot;}\\&quot; &gt;&quot;,&quot;after_widget&quot;:&quot;&lt;\\\/div&gt;&quot;,&quot;before_title&quot;:&quot;&lt;h3 class=\\&quot;widget-title\\&quot;&gt;&quot;,&quot;after_title&quot;:&quot;&lt;\\\/h3&gt;&quot;,&quot;widget_id&quot;:&quot;widget-0-1-1&quot;}}\" \/>[\/siteorigin_widget]<\/div>\n<\/div>\n<\/div>\n<\/div>\n<style type=\"text\/css\" class=\"panels-style\" data-panels-style-for-post=\"174\">@import url(https:\/\/www.itsco.edu.mx\/wp-content\/plugins\/siteorigin-panels\/css\/front-flex.min.css); #pgc-174-0-0 { width:70.0395%;width:calc(70.0395% - ( 0.29960540962444 * 30px ) ) } #pgc-174-0-1 { width:29.9605%;width:calc(29.9605% - ( 0.70039459037556 * 30px ) ) } #pl-174 .so-panel { margin-bottom:30px } #pl-174 .so-panel:last-of-type { margin-bottom:0px } #pg-174-0.panel-has-style > .panel-row-style, #pg-174-0.panel-no-style { -webkit-align-items:flex-start;align-items:flex-start } @media (max-width:780px){ #pg-174-0.panel-no-style, #pg-174-0.panel-has-style > .panel-row-style, #pg-174-0 { -webkit-flex-direction:column;-ms-flex-direction:column;flex-direction:column } #pg-174-0 > .panel-grid-cell , #pg-174-0 > .panel-row-style > .panel-grid-cell { width:100%;margin-right:0 } #pgc-174-0-0 { margin-bottom:30px } #pl-174 .panel-grid-cell { padding:0 } #pl-174 .panel-grid .panel-grid-cell-empty { display:none } #pl-174 .panel-grid .panel-grid-cell-mobile-last { margin-bottom:0px }  } <\/style>\n","protected":false},"excerpt":{"rendered":"<p>Ingenier\u00eda Electr\u00f3nica IELC-2010-211 \u00a0 Objetivo General &nbsp; Formar profesionistas competentes para dise\u00f1ar, modelar, implementar, operar, integrar, mantener, instalar y administrar &hellip; <\/p>\n","protected":false},"author":1,"featured_media":0,"parent":0,"menu_order":0,"comment_status":"closed","ping_status":"closed","template":"","meta":{"footnotes":""},"class_list":["post-174","page","type-page","status-publish","hentry"],"_links":{"self":[{"href":"https:\/\/www.itsco.edu.mx\/index.php?rest_route=\/wp\/v2\/pages\/174","targetHints":{"allow":["GET"]}}],"collection":[{"href":"https:\/\/www.itsco.edu.mx\/index.php?rest_route=\/wp\/v2\/pages"}],"about":[{"href":"https:\/\/www.itsco.edu.mx\/index.php?rest_route=\/wp\/v2\/types\/page"}],"author":[{"embeddable":true,"href":"https:\/\/www.itsco.edu.mx\/index.php?rest_route=\/wp\/v2\/users\/1"}],"replies":[{"embeddable":true,"href":"https:\/\/www.itsco.edu.mx\/index.php?rest_route=%2Fwp%2Fv2%2Fcomments&post=174"}],"version-history":[{"count":36,"href":"https:\/\/www.itsco.edu.mx\/index.php?rest_route=\/wp\/v2\/pages\/174\/revisions"}],"predecessor-version":[{"id":230,"href":"https:\/\/www.itsco.edu.mx\/index.php?rest_route=\/wp\/v2\/pages\/174\/revisions\/230"}],"wp:attachment":[{"href":"https:\/\/www.itsco.edu.mx\/index.php?rest_route=%2Fwp%2Fv2%2Fmedia&parent=174"}],"curies":[{"name":"wp","href":"https:\/\/api.w.org\/{rel}","templated":true}]}}