{"id":176,"date":"2017-08-23T20:37:39","date_gmt":"2017-08-23T20:37:39","guid":{"rendered":"http:\/\/itsco.edu.mx\/?page_id=176"},"modified":"2022-04-26T22:25:01","modified_gmt":"2022-04-26T22:25:01","slug":"petro","status":"publish","type":"page","link":"https:\/\/www.itsco.edu.mx\/?page_id=176","title":{"rendered":"Ingenier\u00eda Petrolera"},"content":{"rendered":"<div id=\"pl-176\"  class=\"panel-layout\" >\n<div id=\"pg-176-0\"  class=\"panel-grid panel-no-style\"  data-style=\"{&quot;background_image_attachment&quot;:false,&quot;background_display&quot;:&quot;tile&quot;,&quot;cell_alignment&quot;:&quot;flex-start&quot;}\"  data-ratio=\"0.33333333\"  data-ratio-direction=\"right\" >\n<div id=\"pgc-176-0-0\"  class=\"panel-grid-cell\"  data-weight=\"0.750000001875\" >\n<div id=\"panel-176-0-0-0\" class=\"so-panel widget widget_sow-editor panel-first-child panel-last-child\" data-index=\"0\" data-style=\"{&quot;background_image_attachment&quot;:false,&quot;background_display&quot;:&quot;tile&quot;}\" >\n<div class=\"so-widget-sow-editor so-widget-sow-editor-base\">\n<div class=\"siteorigin-widget-tinymce textwidget\">\n<p><img loading=\"lazy\" decoding=\"async\" class=\"alignnone wp-image-522 size-large\" src=\"http:\/\/www.itsco.edu.mx\/wp-content\/uploads\/2017\/11\/banner_Petro-1024x384.jpg\" alt=\"\" width=\"900\" height=\"338\" srcset=\"https:\/\/www.itsco.edu.mx\/wp-content\/uploads\/2017\/11\/banner_Petro-1024x384.jpg 1024w, https:\/\/www.itsco.edu.mx\/wp-content\/uploads\/2017\/11\/banner_Petro-300x113.jpg 300w, https:\/\/www.itsco.edu.mx\/wp-content\/uploads\/2017\/11\/banner_Petro-768x288.jpg 768w, https:\/\/www.itsco.edu.mx\/wp-content\/uploads\/2017\/11\/banner_Petro-150x56.jpg 150w, https:\/\/www.itsco.edu.mx\/wp-content\/uploads\/2017\/11\/banner_Petro.jpg 1600w\" sizes=\"auto, (max-width: 900px) 100vw, 900px\" \/><\/p>\n<p style=\"text-align: justify;\"><strong>Ingenier\u00eda Petrolera<\/strong><\/p>\n<p style=\"text-align: justify;\"><strong>IPET-2010-231<\/strong><\/p>\n<p style=\"text-align: justify;\"><strong>\u00a0<\/strong><\/p>\n<p style=\"text-align: justify;\"><strong>Objetivo General<\/strong><\/p>\n<p style=\"text-align: justify;\">Forma profesionales con la capacidad para desarrollar la programaci\u00f3n, ejecuci\u00f3n y la direcci\u00f3n de los procesos de explotaci\u00f3n de hidrocarburos, aprovechando de manera sustentable los recursos naturales, atendiendo la preservaci\u00f3n del medio ambiente, aplicando para ello las nuevas tecnolog\u00edas, con habilidades, actitudes, aptitudes anal\u00edticas y creativas, de liderazgo y calidad humana, con un esp\u00edritu de superaci\u00f3n permanente para investigar, desarrollar y aplicar el conocimiento cient\u00edfico y tecnol\u00f3gico.<\/p>\n<p style=\"text-align: justify;\"><strong>\u00a0<\/strong><\/p>\n<p style=\"text-align: justify;\"><strong>Especialidad de Cadena del Sector de Hidrocarburos<\/strong>,<\/p>\n<p style=\"text-align: justify;\"><strong>\u00a0<\/strong><\/p>\n<table width=\"603\">\n<tbody>\n<tr>\n<td width=\"347\"><strong>Asignatura de la Especialidad<\/strong><\/td>\n<td width=\"170\"><strong>Clave de Asignatura<\/strong><\/td>\n<td width=\"85\"><strong>Cr\u00e9ditos<\/strong><\/td>\n<\/tr>\n<tr>\n<td width=\"347\">REDES DE RECOLECCI\u00d3N.<\/td>\n<td width=\"170\">CSF-2101<\/td>\n<td width=\"85\">3-2-5<\/td>\n<\/tr>\n<tr>\n<td width=\"347\">COMPORTAMIENTO DE YACIMIENTOS<\/td>\n<td width=\"170\">CSC-2102<\/td>\n<td width=\"85\">2-2-4<\/td>\n<\/tr>\n<tr>\n<td width=\"347\">COMERCIALIZACI\u00d3N Y LOG\u00cdSTICA DEL PETR\u00d3LEO.<\/td>\n<td width=\"170\">CSE-2103<\/td>\n<td width=\"85\">3-1-4<\/td>\n<\/tr>\n<tr>\n<td width=\"347\">TRANSFORMACI\u00d3N INDUSTRIAL DE HIDROCARBUROS.<\/td>\n<td width=\"170\">CSD-2104<\/td>\n<td width=\"85\">2-3-5<\/td>\n<\/tr>\n<tr>\n<td width=\"347\">INGENIER\u00cdA DE PRODUCCI\u00d3N DE GAS.<\/td>\n<td width=\"170\">CSF-2105<\/td>\n<td width=\"85\">3-2-5<\/td>\n<\/tr>\n<tr>\n<td width=\"347\">AN\u00c1LISIS DE RIESGOS DE PROCESOS.<\/td>\n<td width=\"170\">CSD-2106<\/td>\n<td width=\"85\">2-3-5<\/td>\n<\/tr>\n<tr>\n<td width=\"347\">MODELACI\u00d3N Y EVALUACI\u00d3N DE PROYECTOS PETROLEROS.<\/td>\n<td width=\"170\">CSL-2107<\/td>\n<td width=\"85\">4-1-5<\/td>\n<\/tr>\n<\/tbody>\n<\/table>\n<p style=\"text-align: justify;\"><strong>\u00a0<\/strong><strong>\u00a0<\/strong><\/p>\n<p style=\"text-align: justify;\"><strong>Perfil de Egreso<\/strong><\/p>\n<p style=\"text-align: justify;\"><strong>\u00a0<\/strong><\/p>\n<ol style=\"text-align: justify;\">\n<li>Identifica las caracter\u00edsticas geol\u00f3gicas, petrof\u00edsicas y din\u00e1micas que controlan la capacidad de almacenamiento de hidrocarburos y la producci\u00f3n de yacimientos, aplicando tecnolog\u00eda de punta.<\/li>\n<li>Mejora, dise\u00f1a, implementa y eval\u00faa los sistemas y modelos de exploraci\u00f3n, producci\u00f3n y distribuci\u00f3n para la optimizaci\u00f3n de los recursos con un enfoque de calidad y competitividad.<\/li>\n<li>Aplica t\u00e9cnicas de exploraci\u00f3n y producci\u00f3n que ayuden en la interpretaci\u00f3n y evaluaci\u00f3n de las posibilidades de localizaci\u00f3n de yacimientos petroleros, as\u00ed como pozos acu\u00edferos.<\/li>\n<li>Maneja software para el dise\u00f1o, simulaci\u00f3n y operaci\u00f3n de los sistemas de exploraci\u00f3n y producci\u00f3n de hidrocarburos.<\/li>\n<li>Gestiona proyectos y realiza programas de investigaci\u00f3n y desarrollo tecnol\u00f3gico para la soluci\u00f3n de problemas en la industria petrolera.<\/li>\n<li>Se desempe\u00f1a con una actitud \u00e9tica y emprendedora en su \u00e1mbito profesional, comprometido con el desarrollo sustentable del entorno.<\/li>\n<li>Emplea adecuadamente las t\u00e9cnicas y procedimientos de campo con base en las leyes, reglamentos y c\u00f3digos vigentes inherentes a su ejercicio profesional.<\/li>\n<li>Programa, organiza, dirige, ejecuta y controla las actividades relacionadas con la producci\u00f3n del petr\u00f3leo y gas para su almacenamiento, procesamiento, transporte, distribuci\u00f3n y comercializaci\u00f3n, aplicando los principios de gesti\u00f3n de la calidad ambiental hacia la mejora continua.<\/li>\n<li>Propone soluciones integrales y estrategias a los problemas ambientales y de seguridad.<\/li>\n<li>Participa en equipos de trabajo multi e interdisciplinario para la toma de decisiones y soluci\u00f3n de problemas.<\/li>\n<li>Administra e integra recursos humanos, materiales, financieros y econ\u00f3micos en el dise\u00f1o, operaci\u00f3n, evaluaci\u00f3n, control y optimizaci\u00f3n de los procesos de perforaci\u00f3n de pozos petroleros y acu\u00edferos, as\u00ed como su terminaci\u00f3n y mantenimiento.<\/li>\n<\/ol>\n<p style=\"text-align: justify;\"><strong>\u00a0<\/strong><strong>Campo laboral<\/strong><\/p>\n<p style=\"text-align: justify;\"><strong>\u00a0<\/strong><\/p>\n<ul>\n<li style=\"text-align: justify;\">Extracci\u00f3n de petrolero y gas.<\/li>\n<li style=\"text-align: justify;\">Gesti\u00f3n de empresas y emprendimientos.<\/li>\n<li style=\"text-align: justify;\">Actividades de apoyo a la miner\u00eda.<\/li>\n<li style=\"text-align: justify;\">Manufactura de Productos de Petr\u00f3leo y Carb\u00f3n.<\/li>\n<li style=\"text-align: justify;\">Servicios de Ingenier\u00eda.<\/li>\n<li style=\"text-align: justify;\">El ingeniero petrolero participa en actividades relacionadas con la perforaci\u00f3n y explotaci\u00f3n de yacimientos geot\u00e9rmicos y acu\u00edferos.<\/li>\n<li style=\"text-align: justify;\">Puede incursionar en el sector p\u00fablico, en dependencias como: la Secretar\u00eda de Energ\u00eda, Petr\u00f3leos Mexicanos, Instituto Mexicano del Petr\u00f3leo, Comisiones Federal de Electricidad, Nacional de Hidrocarburos y Nacional del Agua, Compa\u00f1\u00eda Mexicana de Exploraciones, Servicio Geol\u00f3gico Mexicano, o bien en compa\u00f1\u00edas operadoras y de servicios, estatales y privadas; e incluso, desempe\u00f1arse con operadores internacionales de la industria petrolera, como: Shell, Chevron o Exxon.Mobil y m\u00e1s.<\/li>\n<li style=\"text-align: justify;\">La investigaci\u00f3n y la docencia constituyen otro campo de acci\u00f3n.<\/li>\n<\/ul>\n<\/div>\n<\/div>\n<\/div>\n<\/div>\n<div id=\"pgc-176-0-1\"  class=\"panel-grid-cell\"  data-weight=\"0.249999998125\" >\n<div id=\"panel-176-0-1-0\" class=\"so-panel widget widget_text panel-first-child\" data-index=\"1\" data-style=\"{&quot;background_image_attachment&quot;:false,&quot;background_display&quot;:&quot;tile&quot;}\" >\n<h3 class=\"widget-title\">Ret\u00edcula Ingenier\u00eda Petrolera<\/h3>\n<div class=\"textwidget\">\n<p><a href=\"https:\/\/www.itsco.edu.mx\/wp-content\/uploads\/2022\/04\/Reticula-Ingenieria-Petrolera.pdf\">DESCARGAR<\/a><\/p>\n<\/div><\/div>\n<div id=\"panel-176-0-1-1\" class=\"so-panel widget widget_custom_html\" data-index=\"2\" data-style=\"{&quot;background_image_attachment&quot;:false,&quot;background_display&quot;:&quot;tile&quot;}\" >[siteorigin_widget class=\u00bbWP_Widget_Custom_HTML\u00bb]<input type=\"hidden\" value=\"{&quot;instance&quot;:{&quot;title&quot;:&quot;&quot;,&quot;content&quot;:&quot;&lt;div id=\\&quot;headera\\&quot;&gt;\\n&lt;ul class=\\&quot;nava\\&quot;&gt;\\n&lt;li&gt;&lt;a href=\\&quot;http:\\\/\\\/www.itsco.edu.mx\\\/wp-content\\\/uploads\\\/2020\\\/01\\\/Formato-Carga-Minima-ACTUALIZADO-2020.docx\\&quot;&gt;Formato de carga m\u00ednima &lt;\\\/a&gt;&lt;\\\/li&gt;\\n&lt;\\\/ul&gt;\\n&lt;\\\/div&gt;&quot;,&quot;so_sidebar_emulator_id&quot;:&quot;custom_html-17610002&quot;,&quot;option_name&quot;:&quot;widget_custom_html&quot;},&quot;args&quot;:{&quot;before_widget&quot;:&quot;&lt;div id=\\&quot;panel-176-0-1-1\\&quot; class=\\&quot;so-panel widget widget_custom_html\\&quot; data-index=\\&quot;2\\&quot; data-style=\\&quot;{&amp;quot;background_image_attachment&amp;quot;:false,&amp;quot;background_display&amp;quot;:&amp;quot;tile&amp;quot;}\\&quot; &gt;&quot;,&quot;after_widget&quot;:&quot;&lt;\\\/div&gt;&quot;,&quot;before_title&quot;:&quot;&lt;h3 class=\\&quot;widget-title\\&quot;&gt;&quot;,&quot;after_title&quot;:&quot;&lt;\\\/h3&gt;&quot;,&quot;widget_id&quot;:&quot;widget-0-1-1&quot;}}\" \/>[\/siteorigin_widget]<\/div>\n<div id=\"panel-176-0-1-2\" class=\"so-panel widget widget_custom_html panel-last-child\" data-index=\"3\" data-style=\"{&quot;background_image_attachment&quot;:false,&quot;background_display&quot;:&quot;tile&quot;}\" >[siteorigin_widget class=\u00bbWP_Widget_Custom_HTML\u00bb]<input type=\"hidden\" value=\"{&quot;instance&quot;:{&quot;title&quot;:&quot;Contacto&quot;,&quot;content&quot;:&quot;&lt;div id=\\&quot;headera\\&quot;&gt;\\n&lt;ul class=\\&quot;nava\\&quot;&gt;\\n&lt;li&gt;&lt;a href=\\&quot;http:\\\/\\\/www.itsco.edu.mx\\\/?page_id=708\\&quot;&gt;Contacta a tu jefe &lt;br \\\/&gt; de carrera &lt;\\\/a&gt;&lt;\\\/li&gt;\\n\\n&lt;\\\/ul&gt;\\n&lt;\\\/div&gt;&quot;,&quot;so_sidebar_emulator_id&quot;:&quot;custom_html-17610003&quot;,&quot;option_name&quot;:&quot;widget_custom_html&quot;},&quot;args&quot;:{&quot;before_widget&quot;:&quot;&lt;div id=\\&quot;panel-176-0-1-2\\&quot; class=\\&quot;so-panel widget widget_custom_html panel-last-child\\&quot; data-index=\\&quot;3\\&quot; data-style=\\&quot;{&amp;quot;background_image_attachment&amp;quot;:false,&amp;quot;background_display&amp;quot;:&amp;quot;tile&amp;quot;}\\&quot; &gt;&quot;,&quot;after_widget&quot;:&quot;&lt;\\\/div&gt;&quot;,&quot;before_title&quot;:&quot;&lt;h3 class=\\&quot;widget-title\\&quot;&gt;&quot;,&quot;after_title&quot;:&quot;&lt;\\\/h3&gt;&quot;,&quot;widget_id&quot;:&quot;widget-0-1-2&quot;}}\" \/>[\/siteorigin_widget]<\/div>\n<\/div>\n<\/div>\n<div id=\"pg-176-1\"  class=\"panel-grid panel-no-style\"  data-style=\"{&quot;background_image_attachment&quot;:false,&quot;background_display&quot;:&quot;tile&quot;,&quot;cell_alignment&quot;:&quot;flex-start&quot;}\"  data-ratio=\"0.33333333\"  data-ratio-direction=\"right\" >\n<div id=\"pgc-176-1-0\"  class=\"panel-grid-cell\"  data-weight=\"0.3337958573154\" >\n<div id=\"panel-176-1-0-0\" class=\"so-panel widget widget_sow-editor panel-first-child panel-last-child\" data-index=\"4\" data-style=\"{&quot;background_image_attachment&quot;:false,&quot;background_display&quot;:&quot;tile&quot;}\" >\n<div class=\"so-widget-sow-editor so-widget-sow-editor-base\">\n<div class=\"siteorigin-widget-tinymce textwidget\">\n<p><img loading=\"lazy\" decoding=\"async\" class=\"alignnone size-large wp-image-3812\" src=\"https:\/\/www.itsco.edu.mx\/wp-content\/uploads\/2022\/04\/IMG-20191004-WA0004-2-1024x1024.jpg\" alt=\"\" width=\"640\" height=\"640\" srcset=\"https:\/\/www.itsco.edu.mx\/wp-content\/uploads\/2022\/04\/IMG-20191004-WA0004-2-1024x1024.jpg 1024w, https:\/\/www.itsco.edu.mx\/wp-content\/uploads\/2022\/04\/IMG-20191004-WA0004-2-300x300.jpg 300w, https:\/\/www.itsco.edu.mx\/wp-content\/uploads\/2022\/04\/IMG-20191004-WA0004-2-150x150.jpg 150w, https:\/\/www.itsco.edu.mx\/wp-content\/uploads\/2022\/04\/IMG-20191004-WA0004-2-768x768.jpg 768w, https:\/\/www.itsco.edu.mx\/wp-content\/uploads\/2022\/04\/IMG-20191004-WA0004-2.jpg 1224w\" sizes=\"auto, (max-width: 640px) 100vw, 640px\" \/><\/p>\n<\/div>\n<\/div>\n<\/div>\n<\/div>\n<div id=\"pgc-176-1-1\"  class=\"panel-grid-cell\"  data-weight=\"0.33336223949567\" >\n<div id=\"panel-176-1-1-0\" class=\"so-panel widget widget_sow-editor panel-first-child panel-last-child\" data-index=\"5\" data-style=\"{&quot;background_image_attachment&quot;:false,&quot;background_display&quot;:&quot;tile&quot;}\" >\n<div class=\"so-widget-sow-editor so-widget-sow-editor-base\">\n<div class=\"siteorigin-widget-tinymce textwidget\">\n<p><img loading=\"lazy\" decoding=\"async\" class=\"alignnone size-large wp-image-3811\" src=\"https:\/\/www.itsco.edu.mx\/wp-content\/uploads\/2022\/04\/Imagen2-1024x576.jpg\" alt=\"\" width=\"640\" height=\"360\" srcset=\"https:\/\/www.itsco.edu.mx\/wp-content\/uploads\/2022\/04\/Imagen2-1024x576.jpg 1024w, https:\/\/www.itsco.edu.mx\/wp-content\/uploads\/2022\/04\/Imagen2-300x169.jpg 300w, https:\/\/www.itsco.edu.mx\/wp-content\/uploads\/2022\/04\/Imagen2-768x432.jpg 768w, https:\/\/www.itsco.edu.mx\/wp-content\/uploads\/2022\/04\/Imagen2-1536x864.jpg 1536w, https:\/\/www.itsco.edu.mx\/wp-content\/uploads\/2022\/04\/Imagen2.jpg 2000w\" sizes=\"auto, (max-width: 640px) 100vw, 640px\" \/><\/p>\n<\/div>\n<\/div>\n<\/div>\n<\/div>\n<div id=\"pgc-176-1-2\"  class=\"panel-grid-cell\"  data-weight=\"0.33284190318893\" >\n<div id=\"panel-176-1-2-0\" class=\"so-panel widget widget_sow-editor panel-first-child panel-last-child\" data-index=\"6\" data-style=\"{&quot;background_image_attachment&quot;:false,&quot;background_display&quot;:&quot;tile&quot;}\" >\n<div class=\"so-widget-sow-editor so-widget-sow-editor-base\">\n<div class=\"siteorigin-widget-tinymce textwidget\">\n<p><img loading=\"lazy\" decoding=\"async\" class=\"alignnone size-large wp-image-3813\" src=\"https:\/\/www.itsco.edu.mx\/wp-content\/uploads\/2022\/04\/Imagen1-1024x768.jpg\" alt=\"\" width=\"640\" height=\"480\" srcset=\"https:\/\/www.itsco.edu.mx\/wp-content\/uploads\/2022\/04\/Imagen1-1024x768.jpg 1024w, https:\/\/www.itsco.edu.mx\/wp-content\/uploads\/2022\/04\/Imagen1-300x225.jpg 300w, https:\/\/www.itsco.edu.mx\/wp-content\/uploads\/2022\/04\/Imagen1-768x576.jpg 768w, https:\/\/www.itsco.edu.mx\/wp-content\/uploads\/2022\/04\/Imagen1-136x102.jpg 136w, https:\/\/www.itsco.edu.mx\/wp-content\/uploads\/2022\/04\/Imagen1.jpg 1500w\" sizes=\"auto, (max-width: 640px) 100vw, 640px\" \/><\/p>\n<\/div>\n<\/div>\n<\/div>\n<\/div>\n<\/div>\n<\/div>\n<style type=\"text\/css\" class=\"panels-style\" data-panels-style-for-post=\"176\">@import url(https:\/\/www.itsco.edu.mx\/wp-content\/plugins\/siteorigin-panels\/css\/front-flex.min.css); #pgc-176-0-0 { width:75%;width:calc(75% - ( 0.249999998125 * 30px ) ) } #pgc-176-0-1 { width:25%;width:calc(25% - ( 0.750000001875 * 30px ) ) } #pg-176-0 , #pl-176 .so-panel { margin-bottom:30px } #pgc-176-1-0 { width:33.3796%;width:calc(33.3796% - ( 0.6662041426846 * 30px ) ) } #pgc-176-1-1 { width:33.3362%;width:calc(33.3362% - ( 0.66663776050433 * 30px ) ) } #pgc-176-1-2 { width:33.2842%;width:calc(33.2842% - ( 0.66715809681107 * 30px ) ) } #pl-176 .so-panel:last-of-type { margin-bottom:0px } #pg-176-0.panel-has-style > .panel-row-style, #pg-176-0.panel-no-style , #pg-176-1.panel-has-style > .panel-row-style, #pg-176-1.panel-no-style { -webkit-align-items:flex-start;align-items:flex-start } @media (max-width:1024px) and (min-width:781px) { #pg-176-1.panel-no-style, #pg-176-1.panel-has-style > .panel-row-style { -ms-flex-wrap:wrap;-webkit-flex-wrap:wrap;flex-wrap:wrap } #pg-176-1 > .panel-grid-cell , #pg-176-1 > .panel-row-style > .panel-grid-cell { -ms-flex:0 1 50%;-webkit-flex:0 1 50%;flex:0 1 50%;margin-right:0;margin-bottom:30px } #pg-176-1 > .panel-grid-cell , #pg-176-1 > .panel-row-style > .panel-grid-cell:nth-child(even) { padding-left:15px } #pg-176-1 > .panel-grid-cell , #pg-176-1 > .panel-row-style > .panel-grid-cell:nth-child(odd) { padding-right:15px }  } @media (max-width:780px){ #pg-176-0.panel-no-style, #pg-176-0.panel-has-style > .panel-row-style, #pg-176-0 , #pg-176-1.panel-no-style, #pg-176-1.panel-has-style > .panel-row-style, #pg-176-1 { -webkit-flex-direction:column;-ms-flex-direction:column;flex-direction:column } #pg-176-0 > .panel-grid-cell , #pg-176-0 > .panel-row-style > .panel-grid-cell , #pg-176-1 > .panel-grid-cell , #pg-176-1 > .panel-row-style > .panel-grid-cell { width:100%;margin-right:0 } #pgc-176-0-0 , #pgc-176-1-0 , #pgc-176-1-1 { margin-bottom:30px } #pl-176 .panel-grid-cell { padding:0 } #pl-176 .panel-grid .panel-grid-cell-empty { display:none } #pl-176 .panel-grid .panel-grid-cell-mobile-last { margin-bottom:0px }  } <\/style>\n","protected":false},"excerpt":{"rendered":"<p>Ingenier\u00eda Petrolera IPET-2010-231 \u00a0 Objetivo General Forma profesionales con la capacidad para desarrollar la programaci\u00f3n, ejecuci\u00f3n y la direcci\u00f3n de &hellip; <\/p>\n","protected":false},"author":1,"featured_media":0,"parent":0,"menu_order":0,"comment_status":"closed","ping_status":"closed","template":"","meta":{"footnotes":""},"class_list":["post-176","page","type-page","status-publish","hentry"],"_links":{"self":[{"href":"https:\/\/www.itsco.edu.mx\/index.php?rest_route=\/wp\/v2\/pages\/176","targetHints":{"allow":["GET"]}}],"collection":[{"href":"https:\/\/www.itsco.edu.mx\/index.php?rest_route=\/wp\/v2\/pages"}],"about":[{"href":"https:\/\/www.itsco.edu.mx\/index.php?rest_route=\/wp\/v2\/types\/page"}],"author":[{"embeddable":true,"href":"https:\/\/www.itsco.edu.mx\/index.php?rest_route=\/wp\/v2\/users\/1"}],"replies":[{"embeddable":true,"href":"https:\/\/www.itsco.edu.mx\/index.php?rest_route=%2Fwp%2Fv2%2Fcomments&post=176"}],"version-history":[{"count":27,"href":"https:\/\/www.itsco.edu.mx\/index.php?rest_route=\/wp\/v2\/pages\/176\/revisions"}],"predecessor-version":[{"id":254,"href":"https:\/\/www.itsco.edu.mx\/index.php?rest_route=\/wp\/v2\/pages\/176\/revisions\/254"}],"wp:attachment":[{"href":"https:\/\/www.itsco.edu.mx\/index.php?rest_route=%2Fwp%2Fv2%2Fmedia&parent=176"}],"curies":[{"name":"wp","href":"https:\/\/api.w.org\/{rel}","templated":true}]}}