{"id":3091,"date":"2021-03-26T00:54:39","date_gmt":"2021-03-26T00:54:39","guid":{"rendered":"https:\/\/www.itsco.edu.mx\/?page_id=3091"},"modified":"2021-03-26T00:57:17","modified_gmt":"2021-03-26T00:57:17","slug":"fraccion-xviii-el-listado-de-servidores-publicos-con-sanciones-administrativas-definitivas-especificando-la-causa-de-sancion-y-la-disposicion","status":"publish","type":"page","link":"https:\/\/www.itsco.edu.mx\/?page_id=3091","title":{"rendered":"Fraccion XVIII. El listado de servidores p\u00fablicos con sanciones administrativas definitivas, especificando la causa de sanci\u00f3n y la disposici\u00f3n."},"content":{"rendered":"\n<figure class=\"wp-block-table is-style-regular\"><table><tbody><tr><td><strong>Area Generadora de Informacion<\/strong><\/td><td><strong>Titulo del Documento<\/strong><\/td><td><strong>Fecha de Actualizacion<\/strong><\/td><td><strong>Link<\/strong><\/td><\/tr><tr><td>Subdireccion Administrativa<\/td><td>Servidores publicos sancionados<\/td><td>25\/03\/2021<\/td><td><a href=\"https:\/\/www.itsco.edu.mx\/wp-content\/uploads\/2021\/03\/LTAIPV18N.xlsx\"><strong>Archivo<\/strong><\/a><\/td><\/tr><tr><td><\/td><td><\/td><td><\/td><td><\/td><\/tr><\/tbody><\/table><\/figure>\n","protected":false},"excerpt":{"rendered":"<p>Area Generadora de Informacion Titulo del Documento Fecha de Actualizacion Link Subdireccion Administrativa Servidores publicos sancionados 25\/03\/2021 Archivo<\/p>\n","protected":false},"author":1,"featured_media":0,"parent":0,"menu_order":0,"comment_status":"closed","ping_status":"closed","template":"","meta":{"footnotes":""},"class_list":["post-3091","page","type-page","status-publish","hentry"],"_links":{"self":[{"href":"https:\/\/www.itsco.edu.mx\/index.php?rest_route=\/wp\/v2\/pages\/3091","targetHints":{"allow":["GET"]}}],"collection":[{"href":"https:\/\/www.itsco.edu.mx\/index.php?rest_route=\/wp\/v2\/pages"}],"about":[{"href":"https:\/\/www.itsco.edu.mx\/index.php?rest_route=\/wp\/v2\/types\/page"}],"author":[{"embeddable":true,"href":"https:\/\/www.itsco.edu.mx\/index.php?rest_route=\/wp\/v2\/users\/1"}],"replies":[{"embeddable":true,"href":"https:\/\/www.itsco.edu.mx\/index.php?rest_route=%2Fwp%2Fv2%2Fcomments&post=3091"}],"version-history":[{"count":3,"href":"https:\/\/www.itsco.edu.mx\/index.php?rest_route=\/wp\/v2\/pages\/3091\/revisions"}],"predecessor-version":[{"id":3096,"href":"https:\/\/www.itsco.edu.mx\/index.php?rest_route=\/wp\/v2\/pages\/3091\/revisions\/3096"}],"wp:attachment":[{"href":"https:\/\/www.itsco.edu.mx\/index.php?rest_route=%2Fwp%2Fv2%2Fmedia&parent=3091"}],"curies":[{"name":"wp","href":"https:\/\/api.w.org\/{rel}","templated":true}]}}