{"id":3132,"date":"2021-04-01T00:49:33","date_gmt":"2021-04-01T00:49:33","guid":{"rendered":"https:\/\/www.itsco.edu.mx\/?page_id=3132"},"modified":"2021-04-01T01:03:06","modified_gmt":"2021-04-01T01:03:06","slug":"fraccion-27-lg-las-concesiones-contratos-convenios-permisos-licencias-o-autorizaciones-otorgados-especificando-los-titulares-de-aquellos-debiendo-publicarse-su-objeto-nombre-o-razon-social-del","status":"publish","type":"page","link":"https:\/\/www.itsco.edu.mx\/?page_id=3132","title":{"rendered":"Fraccion XXIX LG. Las concesiones, contratos, convenios, permisos, licencias o autorizaciones otorgados, especificando los titulares de aqu\u00e9llos, debiendo publicarse su objeto, nombre o raz\u00f3n social del titular, vigencia, tipo, t\u00e9rminos, condiciones, monto y modificaciones, as\u00ed como si el procedimiento involucra el aprovechamiento de bienes, servicios y\/o recursos p\u00fablicos."},"content":{"rendered":"\n<figure class=\"wp-block-table is-style-regular\"><table><tbody><tr><td><strong>Area Generadora de Informacion<\/strong><\/td><td><strong>Titulo del Documento<\/strong><\/td><td><strong>Fecha de Actualizacion<\/strong><\/td><td><strong>Link<\/strong><\/td><\/tr><tr><td>Unidad de Transparencia<\/td><td>Informe<\/td><td>31\/03\/2021<\/td><td><a href=\"https:\/\/www.itsco.edu.mx\/wp-content\/uploads\/2021\/04\/LTAIPV29.xlsx\"><strong>Archivo<\/strong><\/a><\/td><\/tr><tr><td><\/td><td><\/td><td><\/td><td><\/td><\/tr><\/tbody><\/table><\/figure>\n","protected":false},"excerpt":{"rendered":"<p>Area Generadora de Informacion Titulo del Documento Fecha de Actualizacion Link Unidad de Transparencia Informe 31\/03\/2021 Archivo<\/p>\n","protected":false},"author":1,"featured_media":0,"parent":0,"menu_order":0,"comment_status":"closed","ping_status":"closed","template":"","meta":{"footnotes":""},"class_list":["post-3132","page","type-page","status-publish","hentry"],"_links":{"self":[{"href":"https:\/\/www.itsco.edu.mx\/index.php?rest_route=\/wp\/v2\/pages\/3132","targetHints":{"allow":["GET"]}}],"collection":[{"href":"https:\/\/www.itsco.edu.mx\/index.php?rest_route=\/wp\/v2\/pages"}],"about":[{"href":"https:\/\/www.itsco.edu.mx\/index.php?rest_route=\/wp\/v2\/types\/page"}],"author":[{"embeddable":true,"href":"https:\/\/www.itsco.edu.mx\/index.php?rest_route=\/wp\/v2\/users\/1"}],"replies":[{"embeddable":true,"href":"https:\/\/www.itsco.edu.mx\/index.php?rest_route=%2Fwp%2Fv2%2Fcomments&post=3132"}],"version-history":[{"count":5,"href":"https:\/\/www.itsco.edu.mx\/index.php?rest_route=\/wp\/v2\/pages\/3132\/revisions"}],"predecessor-version":[{"id":3142,"href":"https:\/\/www.itsco.edu.mx\/index.php?rest_route=\/wp\/v2\/pages\/3132\/revisions\/3142"}],"wp:attachment":[{"href":"https:\/\/www.itsco.edu.mx\/index.php?rest_route=%2Fwp%2Fv2%2Fmedia&parent=3132"}],"curies":[{"name":"wp","href":"https:\/\/api.w.org\/{rel}","templated":true}]}}