{"id":3777,"date":"2022-04-01T05:35:21","date_gmt":"2022-04-01T05:35:21","guid":{"rendered":"https:\/\/www.itsco.edu.mx\/?page_id=3777"},"modified":"2022-04-01T23:59:13","modified_gmt":"2022-04-01T23:59:13","slug":"ingenieria-en-tecnologias-de-la-informacion-y-comunicaciones","status":"publish","type":"page","link":"https:\/\/www.itsco.edu.mx\/?page_id=3777","title":{"rendered":"Ingenier\u00eda en Tecnolog\u00edas de la Informaci\u00f3n y Comunicaciones"},"content":{"rendered":"<div id=\"pl-3777\"  class=\"panel-layout\" >\n<div id=\"pg-3777-0\"  class=\"panel-grid panel-no-style\"  data-style=\"{&quot;background_image_attachment&quot;:false,&quot;background_display&quot;:&quot;tile&quot;,&quot;cell_alignment&quot;:&quot;flex-start&quot;}\"  data-ratio=\"1\"  data-ratio-direction=\"right\" >\n<div id=\"pgc-3777-0-0\"  class=\"panel-grid-cell\"  data-weight=\"0.69954904171364\" >\n<div id=\"panel-3777-0-0-0\" class=\"so-panel widget widget_text panel-first-child panel-last-child\" data-index=\"0\" data-style=\"{&quot;background_image_attachment&quot;:false,&quot;background_display&quot;:&quot;tile&quot;}\" >\n<h3 class=\"widget-title\">Ingenier\u00eda en Tecnolog\u00edas de la Informaci\u00f3n y Comunicaciones<\/h3>\n<div class=\"textwidget\">\n<p><img decoding=\"async\" loading=\"lazy\" class=\"alignnone size-large wp-image-333\" src=\"https:\/\/www.itsco.edu.mx\/wp-content\/uploads\/2017\/08\/banner_Tic-1024x287.jpg\" alt=\"\" width=\"640\" height=\"179\" srcset=\"https:\/\/www.itsco.edu.mx\/wp-content\/uploads\/2017\/08\/banner_Tic-1024x287.jpg 1024w, https:\/\/www.itsco.edu.mx\/wp-content\/uploads\/2017\/08\/banner_Tic-300x84.jpg 300w, https:\/\/www.itsco.edu.mx\/wp-content\/uploads\/2017\/08\/banner_Tic-768x216.jpg 768w, https:\/\/www.itsco.edu.mx\/wp-content\/uploads\/2017\/08\/banner_Tic.jpg 1960w\" sizes=\"auto, (max-width: 640px) 100vw, 640px\" \/><\/p>\n<p style=\"text-align: justify;\"><strong>Ingenier\u00eda en Tecnolog\u00edas de la Informaci\u00f3n y <\/strong><strong>Comunicaciones<\/strong><\/p>\n<p style=\"text-align: justify;\"><strong>ITIC-2010-225<\/strong><\/p>\n<p style=\"text-align: justify;\"><strong>\u00a0<\/strong><\/p>\n<p style=\"text-align: justify;\"><strong>Objetivo General<\/strong><\/p>\n<p style=\"text-align: justify;\"><strong>\u00a0<\/strong>Formar profesionistas capaces de desarrollar, integrar y administrar tecnolog\u00edas de la informaci\u00f3n y comunicaciones que contribuyan a la productividad y al logro de los objetivos estrat\u00e9gicos de las organizaciones en un entorno globalizado; caracteriz\u00e1ndose por ser l\u00edderes, cr\u00edticos, competentes, \u00e9ticos y con visi\u00f3n emprendedora, comprometidos con el desarrollo sustentable.<\/p>\n<p style=\"text-align: justify;\"><strong>\u00a0<\/strong><\/p>\n<p style=\"text-align: justify;\"><strong>\u00a0<\/strong><\/p>\n<p style=\"text-align: justify;\"><strong>Especialidad de <\/strong><strong>Seguridad Inform\u00e1tica y An\u00e1lisis Forense<\/strong><\/p>\n<p style=\"text-align: justify;\"><strong>\u00a0<\/strong><\/p>\n<p style=\"text-align: justify;\">\n<table width=\"621\">\n<tbody>\n<tr>\n<td width=\"385\">\u00a0<strong>Asignatura de la Especialidad <\/strong><\/td>\n<td width=\"151\"><strong>Clave de Asignatura <\/strong><\/td>\n<td width=\"84\"><strong>Cr\u00e9ditos <\/strong><\/td>\n<\/tr>\n<tr>\n<td width=\"385\">TALLER DE SEGURIDAD INFORM\u00c1TICA<\/td>\n<td width=\"151\">ITi-2101<\/td>\n<td width=\"84\">3-4-7<\/td>\n<\/tr>\n<tr>\n<td width=\"385\">T\u00d3PICOS SELECTOS DE SEGURIDAD INFORM\u00c1TICA<\/td>\n<td width=\"151\">ITM-2102<\/td>\n<td width=\"84\">2-4-6<\/td>\n<\/tr>\n<tr>\n<td width=\"385\">AN\u00c1LISIS FORENSE INFORM\u00c1TICO<\/td>\n<td width=\"151\">ITM-2103<\/td>\n<td width=\"84\">2-4-6<\/td>\n<\/tr>\n<tr>\n<td width=\"385\">TALLER AN\u00c1LISIS FORENSE INFORM\u00c1TICO<\/td>\n<td width=\"151\">ITM-2104<\/td>\n<td width=\"84\">2-4-6<\/td>\n<\/tr>\n<\/tbody>\n<\/table>\n<p style=\"text-align: justify;\"><strong>\u00a0<\/strong><\/p>\n<p style=\"text-align: justify;\"><strong>\u00a0<\/strong><strong>Perfil de Egreso<\/strong><\/p>\n<p style=\"text-align: justify;\"><strong>\u00a0<\/strong><\/p>\n<ol style=\"text-align: justify;\">\n<li>Dise\u00f1a, implementa y administra redes de c\u00f3mputo y comunicaciones para satisfacer las necesidades de informaci\u00f3n de las organizaciones, con base en modelos y est\u00e1ndares internacionales.<\/li>\n<li>Administra proyectos que involucren Tecnolog\u00edas de la Informaci\u00f3n y Comunicaciones para el logro de los objetivos organizacionales conforme a requerimientos establecidos.<\/li>\n<li>Desarrolla e implementa sistemas de informaci\u00f3n para la gesti\u00f3n de procesos y apoyo en la toma de decisiones, utilizando metodolog\u00edas basadas en est\u00e1ndares internacionales.<\/li>\n<li>Dise\u00f1a, desarrolla y gestiona sistemas de bases de datos para garantizar la integridad, disponibilidad y confidencialidad de la informaci\u00f3n.<\/li>\n<li>Integra soluciones de sistemas de comunicaci\u00f3n con diferentes tecnolog\u00edas, plataformas o dispositivos.<\/li>\n<li>Desempe\u00f1a funciones de consultor\u00eda y auditor\u00eda para validar procesos y garantizar la calidad en el uso de las Tecnolog\u00edas de la Informaci\u00f3n y Comunicaciones.<\/li>\n<li>Crea empresas en el \u00e1mbito de las Tecnolog\u00edas de la Informaci\u00f3n y Comunicaciones para contribuir al desarrollo del entorno.<\/li>\n<li>Integra las diferentes arquitecturas de hardware y administra plataformas de software para incrementar la productividad en las organizaciones.<\/li>\n<li>Implementa sistemas de seguridad acorde a pol\u00edticas internas de las organizaciones basados en est\u00e1ndares establecidos, con la finalidad de garantizar la integridad y consistencia de la informaci\u00f3n.<\/li>\n<li>Aplica los aspectos de legislaci\u00f3n inform\u00e1tica para regular el uso y explotaci\u00f3n de las Tecnolog\u00edas de la Informaci\u00f3n y Comunicaciones.<\/li>\n<li>Dise\u00f1a e implementa dispositivos con software embebido para aplicaciones de prop\u00f3sito espec\u00edfico.<\/li>\n<li>Utiliza tecnolog\u00edas emergentes y herramientas actuales para atender necesidades acordes al entorno.<\/li>\n<li>Dise\u00f1a e implementa interfaces gr\u00e1ficas de usuario para facilitar la interacci\u00f3n entre el ser humano, los equipos y sistemas electr\u00f3nicos.<\/li>\n<li>Posee habilidades metodol\u00f3gicas de investigaci\u00f3n que fortalezcan el desarrollo cultural, cient\u00edfico y tecnol\u00f3gico en el \u00e1mbito de sistemas computacionales y disciplinas afines.<\/li>\n<li>Selecciona y aplica herramientas matem\u00e1ticas para el modelado, dise\u00f1o y desarrollo de tecnolog\u00eda computacional.<\/li>\n<li>Desempe\u00f1a sus actividades profesionales considerando los aspectos legales, \u00e9ticos, sociales y de desarrollo sustentable.<\/li>\n<\/ol>\n<p style=\"text-align: justify;\">\n<p style=\"text-align: justify;\"><strong>Campo Laboral<\/strong><\/p>\n<p style=\"text-align: justify;\">\n<ul>\n<li style=\"text-align: justify;\">En el sector privado, p\u00fablico y social, en las diferentes ramas productivas que demanden de servicios de Tecnolog\u00edas de la informaci\u00f3n.<\/li>\n<li style=\"text-align: justify;\">Dise\u00f1ador de sistemas de informaci\u00f3n.<\/li>\n<li style=\"text-align: justify;\">Desarrollador de aplicaciones web.<\/li>\n<li style=\"text-align: justify;\">Programador web.<\/li>\n<li style=\"text-align: justify;\">Arquitecto de infraestructura tecnol\u00f3gica, dise\u00f1ando la plataforma y los servicios de tecnolog\u00edas de informaci\u00f3n, y seleccionando los equipos de c\u00f3mputo y comunicaciones acordes a los objetivos de las organizaciones.<\/li>\n<li style=\"text-align: justify;\">Ingeniero de software, formando parte de equipos de trabajo multidisciplinario en los que se desarrollan desde grandes sistemas computacionales hasta nuevos.<\/li>\n<li style=\"text-align: justify;\">Administrador de proyectos de Tecnolog\u00edas de Informaci\u00f3n, planeando y dirigiendo proyectos de implantaci\u00f3n tecnol\u00f3gica en las organizaciones.<\/li>\n<li style=\"text-align: justify;\">Analista y dise\u00f1ador de sistemas de informaci\u00f3n, atendiendo las necesidades de informaci\u00f3n de los usuarios de una organizaci\u00f3n para proveer soluciones tecnol\u00f3gicas.<\/li>\n<li style=\"text-align: justify;\">Administrador de servicios de Tecnolog\u00edas de Informaci\u00f3n, identificando, evaluando y comunicando la viabilidad t\u00e9cnica de los requerimientos de los usuarios, y enlazando a las \u00e1reas y\/o empresas de tecnolog\u00eda con la organizaci\u00f3n.<\/li>\n<li style=\"text-align: justify;\">Desarrollador de aplicaciones innovadoras en tecnolog\u00edas m\u00f3viles.<\/li>\n<li style=\"text-align: justify;\">Administrador de proyectos de Tecnolog\u00edas de Informaci\u00f3n, planeando y dirigiendo proyectos de desarrollo tecnol\u00f3gico en las organizaciones.<\/li>\n<li style=\"text-align: justify;\">Emprendedor de su propio negocio de base tecnol\u00f3gica.<\/li>\n<li style=\"text-align: justify;\">Administrador del cambio, definiendo e implantando planes que permitan la adopci\u00f3n de las nuevas tecnolog\u00edas en las organizaciones.<\/li>\n<\/ul>\n<p>&nbsp;<\/p>\n<p>&nbsp;<\/p>\n<\/div><\/div>\n<\/div>\n<div id=\"pgc-3777-0-1\"  class=\"panel-grid-cell\"  data-weight=\"0.30045095828636\" >\n<div id=\"panel-3777-0-1-0\" class=\"so-panel widget widget_text panel-first-child\" data-index=\"1\" data-style=\"{&quot;background_image_attachment&quot;:false,&quot;background_display&quot;:&quot;tile&quot;}\" >\n<h3 class=\"widget-title\">Ret\u00edcula Ingenier\u00eda en Tecnolog\u00edas de la Informaci\u00f3n y Comunicaciones<\/h3>\n<div class=\"textwidget\">\n<p><a href=\"https:\/\/www.itsco.edu.mx\/wp-content\/uploads\/2022\/04\/Reticula-Ingenieria-en-Tecnologias-de-la-Informacion-y-Comunicaciones.pdf\">DESCARGAR<\/a><\/p>\n<\/div><\/div>\n<div id=\"panel-3777-0-1-1\" class=\"so-panel widget widget_custom_html panel-last-child\" data-index=\"2\" data-style=\"{&quot;background_image_attachment&quot;:false,&quot;background_display&quot;:&quot;tile&quot;}\" >[siteorigin_widget class=\u00bbWP_Widget_Custom_HTML\u00bb]<input type=\"hidden\" value=\"{&quot;instance&quot;:{&quot;title&quot;:&quot;Contacto&quot;,&quot;content&quot;:&quot;&lt;div id=\\&quot;headera\\&quot;&gt;\\n&lt;ul class=\\&quot;nava\\&quot;&gt;\\n&lt;li&gt;&lt;a href=\\&quot;http:\\\/\\\/www.itsco.edu.mx\\\/?page_id=708\\&quot;&gt;Contacta a tu jefe &lt;br \\\/&gt; de carrera &lt;\\\/a&gt;&lt;\\\/li&gt;\\n\\n&lt;\\\/ul&gt;\\n&lt;\\\/div&gt;&quot;,&quot;so_sidebar_emulator_id&quot;:&quot;custom_html-377710002&quot;,&quot;option_name&quot;:&quot;widget_custom_html&quot;},&quot;args&quot;:{&quot;before_widget&quot;:&quot;&lt;div id=\\&quot;panel-3777-0-1-1\\&quot; class=\\&quot;so-panel widget widget_custom_html panel-last-child\\&quot; data-index=\\&quot;2\\&quot; data-style=\\&quot;{&amp;quot;background_image_attachment&amp;quot;:false,&amp;quot;background_display&amp;quot;:&amp;quot;tile&amp;quot;}\\&quot; &gt;&quot;,&quot;after_widget&quot;:&quot;&lt;\\\/div&gt;&quot;,&quot;before_title&quot;:&quot;&lt;h3 class=\\&quot;widget-title\\&quot;&gt;&quot;,&quot;after_title&quot;:&quot;&lt;\\\/h3&gt;&quot;,&quot;widget_id&quot;:&quot;widget-0-1-1&quot;}}\" \/>[\/siteorigin_widget]<\/div>\n<\/div>\n<\/div>\n<\/div>\n<style type=\"text\/css\" class=\"panels-style\" data-panels-style-for-post=\"3777\">@import url(https:\/\/www.itsco.edu.mx\/wp-content\/plugins\/siteorigin-panels\/css\/front-flex.min.css); #pgc-3777-0-0 { width:69.9549%;width:calc(69.9549% - ( 0.30045095828636 * 30px ) ) } #pgc-3777-0-1 { width:30.0451%;width:calc(30.0451% - ( 0.69954904171364 * 30px ) ) } #pl-3777 .so-panel { margin-bottom:30px } #pl-3777 .so-panel:last-of-type { margin-bottom:0px } #pg-3777-0.panel-has-style > .panel-row-style, #pg-3777-0.panel-no-style { -webkit-align-items:flex-start;align-items:flex-start } @media (max-width:780px){ #pg-3777-0.panel-no-style, #pg-3777-0.panel-has-style > .panel-row-style, #pg-3777-0 { -webkit-flex-direction:column;-ms-flex-direction:column;flex-direction:column } #pg-3777-0 > .panel-grid-cell , #pg-3777-0 > .panel-row-style > .panel-grid-cell { width:100%;margin-right:0 } #pgc-3777-0-0 { margin-bottom:30px } #pl-3777 .panel-grid-cell { padding:0 } #pl-3777 .panel-grid .panel-grid-cell-empty { display:none } #pl-3777 .panel-grid .panel-grid-cell-mobile-last { margin-bottom:0px }  } <\/style>\n","protected":false},"excerpt":{"rendered":"<p>Ingenier\u00eda en Tecnolog\u00edas de la Informaci\u00f3n y Comunicaciones Ingenier\u00eda en Tecnolog\u00edas de la Informaci\u00f3n y Comunicaciones ITIC-2010-225 \u00a0 Objetivo General &hellip; <\/p>\n","protected":false},"author":1,"featured_media":0,"parent":0,"menu_order":0,"comment_status":"closed","ping_status":"closed","template":"","meta":{"footnotes":""},"class_list":["post-3777","page","type-page","status-publish","hentry"],"_links":{"self":[{"href":"https:\/\/www.itsco.edu.mx\/index.php?rest_route=\/wp\/v2\/pages\/3777","targetHints":{"allow":["GET"]}}],"collection":[{"href":"https:\/\/www.itsco.edu.mx\/index.php?rest_route=\/wp\/v2\/pages"}],"about":[{"href":"https:\/\/www.itsco.edu.mx\/index.php?rest_route=\/wp\/v2\/types\/page"}],"author":[{"embeddable":true,"href":"https:\/\/www.itsco.edu.mx\/index.php?rest_route=\/wp\/v2\/users\/1"}],"replies":[{"embeddable":true,"href":"https:\/\/www.itsco.edu.mx\/index.php?rest_route=%2Fwp%2Fv2%2Fcomments&post=3777"}],"version-history":[{"count":4,"href":"https:\/\/www.itsco.edu.mx\/index.php?rest_route=\/wp\/v2\/pages\/3777\/revisions"}],"predecessor-version":[{"id":3798,"href":"https:\/\/www.itsco.edu.mx\/index.php?rest_route=\/wp\/v2\/pages\/3777\/revisions\/3798"}],"wp:attachment":[{"href":"https:\/\/www.itsco.edu.mx\/index.php?rest_route=%2Fwp%2Fv2%2Fmedia&parent=3777"}],"curies":[{"name":"wp","href":"https:\/\/api.w.org\/{rel}","templated":true}]}}