{"id":785,"date":"2018-02-11T17:19:26","date_gmt":"2018-02-11T17:19:26","guid":{"rendered":"http:\/\/www.itsco.edu.mx\/?page_id=785"},"modified":"2022-01-24T21:43:31","modified_gmt":"2022-01-24T21:43:31","slug":"ley-numero-875-de-transparencia-y-acceso-a-la-informacion-publica-para-el-estado-de-veracruz-de-ignacio-de-la-llave","status":"publish","type":"page","link":"https:\/\/www.itsco.edu.mx\/?page_id=785","title":{"rendered":"Ley n\u00famero 875 de Transparencia y Acceso a la Informaci\u00f3n P\u00fablica para el Estado de Veracruz de Ignacio de la Llave"},"content":{"rendered":"<div class=\"bodyAutocomplete\">\n<div class=\"row\">\n<div align=\"center\">\n<h3><strong>Ley Estatal<\/strong><\/h3>\n<h3 style=\"text-align: left;\"><strong>Articulo 15: <\/strong><\/h3>\n<p style=\"text-align: left;\"><strong>Los sujetos obligados deber\u00e1n publicar y mantener actualizada la informaci\u00f3n p\u00fablica, de conformidad con los lineamientos que para el caso expida el Sistema Nacional, al inicio de cada a\u00f1o o dentro de los siguientes diez d\u00edas naturales a que surja alguna modificaci\u00f3n, de acuerdo con atribuciones y a disposici\u00f3n e cualquier interesado, conforme a lo siguiente:<\/strong><\/p>\n<\/div>\n<\/div>\n<\/div>\n<p><strong><span style=\"font-family: Ubuntu;\">Fracci\u00f3n I.<\/span><\/strong><\/p>\n<div class=\"bodyAutocomplete\">\n<div class=\"row\">\n<p><a href=\"https:\/\/www.itsco.edu.mx\/wp-content\/uploads\/2020\/03\/LTAIPVIL15I.xlsx\"><span style=\"font-family: Ubuntu;\">El marco normativo aplicable al sujeto obligado, en el que deber\u00e1 incluirse leyes, c\u00f3digos, reglamentos, decretos de creaci\u00f3n, manuales administrativos, reglas de operaci\u00f3n, criterios, pol\u00edticas, entre otros.<\/span><\/a><\/p>\n<p><strong><span style=\"font-family: Ubuntu;\">Fracci\u00f3n II.<\/span><\/strong><\/p>\n<p><span style=\"font-family: Ubuntu;\"> Su estructura org\u00e1nica completa, en un formato que permita vincular cada parte de la estructura, las atribuciones y responsabilidades que le corresponden a cada servidor p\u00fablico, prestador de servicios profesionales o miembro de los sujetos obligados, de conformidad con las disposiciones aplicables.<\/span><\/p>\n<p><a href=\"https:\/\/www.itsco.edu.mx\/wp-content\/uploads\/2020\/03\/LTAIPVIL15IIa.xlsx\"><span style=\"color: #0000ff;\">Inciso A.<\/span><\/a><\/p>\n<p><a href=\"https:\/\/www.itsco.edu.mx\/wp-content\/uploads\/2020\/03\/LTAIPVIL15IIb.xlsx\"><span style=\"color: #0000ff;\">Inciso B.<\/span><\/a><\/p>\n<p><strong><span style=\"font-family: Ubuntu;\"><a href=\"https:\/\/www.itsco.edu.mx\/wp-content\/uploads\/2020\/03\/LTAIPVIL15III.xlsx\"><span style=\"color: #0000ff;\">Fracci\u00f3n III.<\/span><\/a><\/span><\/strong><\/p>\n<p><span style=\"font-family: Ubuntu;\">Las facultades de cada \u00e1rea.<\/span><\/p>\n<\/div>\n<p><a href=\"https:\/\/www.itsco.edu.mx\/wp-content\/uploads\/2020\/04\/LTAIPV04N.xlsx\"><strong><span style=\"font-family: Ubuntu;\">Fracci\u00f3n IV.\u00a0<\/span><\/strong><\/a><\/p>\n<p><span style=\"font-family: Ubuntu;\">Las metas y objetivos de las \u00e1reas de conformidad con sus programas operativos.<\/span><\/p>\n<p><span style=\"color: #3366ff;\"><a style=\"color: #3366ff;\" href=\"https:\/\/www.itsco.edu.mx\/wp-content\/uploads\/2020\/04\/LTAIPV05N-1.xlsx\"><strong><span style=\"font-family: Ubuntu;\">Fracci\u00f3n V. <\/span><\/strong><\/a><\/span><\/p>\n<p><span style=\"font-family: Ubuntu;\">Los indicadores relacionados con temas de inter\u00e9s p\u00fablico o trascendencia social que conforme a sus funciones, deban establecer.<\/span><\/p>\n<p><span style=\"color: #0000ff;\"><strong><span style=\"font-family: Ubuntu;\"><a style=\"color: #0000ff;\" href=\"https:\/\/www.itsco.edu.mx\/wp-content\/uploads\/2020\/04\/LTAIPV06N.xlsx\">Fracci\u00f3n VI.<\/a><\/span><\/strong><\/span><\/p>\n<p><span style=\"font-family: Ubuntu;\">Los indicadores que permitan rendir cuenta de sus objetivos y resultados:<\/span><\/p>\n<p><span style=\"color: #0000ff;\"><u><strong><span style=\"font-family: Ubuntu;\"><span style=\"color: #0000ff;\">Fracci\u00f3n VII.<\/span><\/span><\/strong><\/u><\/span><\/p>\n<p><span style=\"font-family: Ubuntu;\">El directorio de todos los servidores p\u00fablicos, a partir del nivel de jefe de departamento o su equivalente, o de menor nivel, cuando se brinde atenci\u00f3n al p\u00fablico; manejen o apliquen recursos p\u00fablicos; realicen actos de autoridad o presten servicios profesionales bajo el r\u00e9gimen de confianza u honorarios y personal de base.\u00a0<\/span><\/p>\n<p><strong><span style=\"color: #0000ff;\"><a style=\"color: #0000ff;\" href=\"https:\/\/www.itsco.edu.mx\/?page_id=2864\">Fraccion VIII.<\/a><\/span><\/strong><\/p>\n<p><span style=\"font-family: Ubuntu;\"> La remuneraci\u00f3n bruta y neta de todos los servidores p\u00fablicos de base o de confianza, de todas las percepciones, incluyendo sueldos, prestaciones, gratificaciones, primas, comisiones, dietas, bonos, est\u00edmulos, ingresos y sistemas de compensaci\u00f3n, se\u00f1alando la periodicidad.<\/span><\/p>\n<p><strong>Fracci\u00f3n IX<\/strong><br \/>Los gastos de representaci\u00f3n y vi\u00e1ticos, as\u00ed como el objeto e informe de comisi\u00f3n correspondiente.<\/p>\n<p><strong>Fracci\u00f3n X<\/strong><br \/>El n\u00famero total de plazas y del personal de base y de confianza, especificando el total de las vacantes, por nivel de puesto para cada unidad Administrativa.<\/p>\n<p><strong>Fracci\u00f3n XI<\/strong><br \/>Las contrataciones de servicios profesionales por honorarios, se\u00f1alando los nombres de los prestadores de servicios, los servicios contratados, el monto de los honorarios y el periodo de contrataci\u00f3n.<\/p>\n<p><strong>Fracci\u00f3n XII<\/strong><br \/>La informaci\u00f3n en Versi\u00f3n P\u00fablica de las declaraciones patrimoniales de los Servidores P\u00fablicos que as\u00ed lo determinen, en los sistemas habilitados para ello, de acuerdo a la normatividad aplicable.<strong>NO APLICA<\/strong>. El sujeto obligado que genera y administra el registro de situaci\u00f3n patrimonial es la Controlar\u00eda General del Estado, de acuerdo al art\u00edculo 78 de la Ley de Responsabilidades de los Servidores P\u00fablicos del Estado de Veracruz.<\/p>\n<p><span style=\"color: #0000ff;\"><a style=\"color: #0000ff;\" href=\"https:\/\/www.itsco.edu.mx\/wp-content\/uploads\/2020\/03\/LTAIPVIL15XIII.xlsx\"><strong><span style=\"color: #0000ff;\">Fracci\u00f3n XIII<\/span><\/strong><\/a><\/span><br \/>El domicilio de la Unidad de Transparencia, adem\u00e1s de la direcci\u00f3n electr\u00f3nica donde podr\u00e1n recibirse las solicitudes para obtener la informaci\u00f3n.<\/p>\n<p><strong>Fracci\u00f3n XIV<\/strong><br \/>Las convocatorias a concursos para ocupar cargos p\u00fablicos y los resultados de los mismos.<\/p>\n<p><strong>Fracci\u00f3n XV<\/strong><br \/>La informaci\u00f3n de los programas de subsidios, est\u00edmulos y apoyos, en el que se deber\u00e1 informar respecto de los programas de transferencia, de servicios, de infraestructura social y de subsidio. <strong>NO APLICA<\/strong>. El Instituto no tiene facultades para desarrollar o ejecutar programas de subsidios, est\u00edmulos y apoyos.<\/p>\n<p><strong>Fracci\u00f3n XVI<\/strong><br \/>Las condiciones generales de trabajo, contratos o convenios que regulen las relaciones laborales del personal de base o de confianza, as\u00ed como los recursos p\u00fablicos econ\u00f3micos, en especie o donativos, que sean entregados a los sindicatos y ejerzan como recursos p\u00fablicos.<\/p>\n<p><strong>Fracci\u00f3n XVII<\/strong><br \/>La informaci\u00f3n curricular, desde el nivel de jefe de departamento o equivalente, hasta el titular del sujeto obligado, as\u00ed como, en su caso, las sanciones Administrativas de que haya sido objeto.<\/p>\n<p><strong>Fracci\u00f3n XVIII<\/strong><br \/>El listado de Servidores P\u00fablicos con sanciones Administrativas definitivas, especificando la causa de sanci\u00f3n y la disposici\u00f3n.<\/p>\n<p><strong>Fracci\u00f3n XIX<\/strong><br \/>Los servicios que ofrecen se\u00f1alando los requisitos para acceder a ellos.<\/p>\n<p><strong><span style=\"font-family: Ubuntu;\">Fracci\u00f3n XX<\/span><\/strong><br \/>Los tr\u00e1mites, requisitos y formatos que ofrecen.<\/p>\n<p><strong>Fracci\u00f3n XXI<\/strong><br \/>La informaci\u00f3n financiera sobre el presupuesto asignado, as\u00ed como los informes del ejercicio trimestral del gasto, en t\u00e9rminos de la Ley General de Contabilidad Gubernamental y dem\u00e1s normatividad aplicable<\/p>\n<p><strong>Fracci\u00f3n XXII<\/strong><br \/>La informaci\u00f3n relativa a la deuda p\u00fablica en t\u00e9rminos de la normatividad aplicable. <strong>NO APLICA.<\/strong> El art\u00edculo 323 del C\u00f3digo Financiero para el Estado de Veracruz y el 20 fracci\u00f3n XIX de la Ley Org\u00e1nica del Poder Ejecutivo establece que la Secretar\u00eda de Finanzas y Planeaci\u00f3n es la responsable del control y publicaci\u00f3n de la deuda p\u00fablica.<\/p>\n<p><strong>Fracci\u00f3n XXIII<\/strong><br \/>Los montos destinados a gastos relativos a comunicaci\u00f3n social y publicidad oficial desglosada por tipo de medio, proveedores, n\u00famero de contrato y concepto o campa\u00f1a.<\/p>\n<p>Los Lineamientos para la Aplicaci\u00f3n de Recursos P\u00fablicos en Materia de Servicios de Publicidad, Informaci\u00f3n, Difusi\u00f3n y en General de las Actividades de comunicaci\u00f3n social del Poder Ejecutivo, establece que la Secretar\u00eda de Finanzas y Planeaci\u00f3n y la Coordinaci\u00f3n General de Comunicaci\u00f3n Social son los encargados de la aplicaci\u00f3n de recursos en materia de servicios de publicidad, informaci\u00f3n, difusi\u00f3n y en general de las actividades de comunicaci\u00f3n social.<\/p>\n<p><strong>Fracci\u00f3n XXIV<\/strong><br \/>Los informes de resultados de las auditorias al ejercicio presupuestal de cada sujeto obligado que se realicen y, en su caso, las aclaraciones que correspondan.<\/p>\n<p><strong>Fracci\u00f3n XXV<\/strong><br \/>El resultado de la dictaminaci\u00f3n de los estados financieros.<\/p>\n<p><strong>Fracci\u00f3n XXVI<\/strong><br \/>Los montos, criterios, convocatorias y listado de personas f\u00edsicas o morales a quienes, por cualquier motivo, se les asigne o permita usar recursos p\u00fablicos o, en los t\u00e9rminos de las disposiciones aplicables, realicen actos de autoridad. Asimismo, los informes que dichas personas les entreguen sobre el uso y destino de dichos recursos.<strong>NO APLICA<\/strong>. Toda vez que este Organismo P\u00fablico Descentralizado del Gobierno del Estado no realiza este tipo de actos de autoridad de acuerdo a su decreto de creaci\u00f3n.<\/p>\n<p><strong>Fracci\u00f3n XXVII<\/strong><br \/>Las concesiones, contratos, convenios, permisos, licencias, o autorizaciones otorgados, especificando los titulares de aqu\u00e9llos, debiendo publicarse su objeto, nombre o raz\u00f3n social del titular, vigencia, tipo, t\u00e9rminos, condiciones, monto y modificaciones, as\u00ed como si el procedimiento involucra el aprovechamiento de bienes, servicios y\/o recursos p\u00fablicos.<\/p>\n<p><strong>Fracci\u00f3n XXVIII<\/strong><br \/><a href=\"https:\/\/www.itsco.edu.mx\/?page_id=3602\">La informaci\u00f3n sobre los resultados sobre procedimientos de adjudicaci\u00f3n directa, invitaci\u00f3n restringida y licitaci\u00f3n de cualquier naturaleza, incluyendo la Versi\u00f3n P\u00fablica del Expediente respectivo y de los contratos celebrados.<\/a><br \/><br \/><strong>Fracci\u00f3n XXIX<\/strong><br \/>Los informes que por disposici\u00f3n legal generen los sujetos obligados.<\/p>\n<p><strong>Fracci\u00f3n XXX<\/strong><br \/>Las estad\u00edsticas que generen en cumplimiento de sus facultades, competencias o funciones con la mayor desagregaci\u00f3n posible.<\/p>\n<p><strong>Fracci\u00f3n XXXI<\/strong><br \/>Informe de avances program\u00e1ticos o presupuestales, balances generales, y su estado financiero.<\/p>\n<p><strong>Fracci\u00f3n XXXII<\/strong><br \/>Padr\u00f3n de proveedores y contratistas.<\/p>\n<p><strong>Fracci\u00f3n XXXIII<\/strong><br \/>Los convenios de coordinaci\u00f3n de concertaci\u00f3n con los sectores social y privado.<\/p>\n<p><strong>Fracci\u00f3n XXXIV<\/strong><br \/>El inventario de bienes muebles e inmuebles en posesi\u00f3n y propiedad.<\/p>\n<p><strong>Fracci\u00f3n XXXV<\/strong><br \/>Las recomendaciones emitidas por los \u00f3rganos p\u00fablicos del Estado mexicano u organismos internacionales garantes de los derechos humanos, as\u00ed como las acciones que han llevado a cabo para su atenci\u00f3n.<\/p>\n<p><strong>Fracci\u00f3n XXXVI<\/strong><br \/>Las resoluciones y laudos que se emitan en procesos o procedimientos seguidos en forma de juicio.<\/p>\n<p><strong>Fracci\u00f3n XXXVII<\/strong><br \/>Los mecanismos de participaci\u00f3n ciudadana.<\/p>\n<p><strong>Fracci\u00f3n XXXVIII<\/strong><br \/>Los programas que ofrecen, incluyendo informaci\u00f3n sobre la poblaci\u00f3n, objetivo y destino, as\u00ed como los tr\u00e1mites, tiempos de respuesta, requisitos y formatos para acceder a los mismos.<\/p>\n<p><strong>Fracci\u00f3n XXXIX<\/strong><br \/>Las actas, acuerdos y resoluciones del Comit\u00e9 de los sujetos obligados, as\u00ed como de sus \u00f3rganos de gobierno, asambleas, consejos, plenos o sus equivalentes y, en su caso comisiones, comit\u00e9s o subcomit\u00e9s, seg\u00fan corresponda.<\/p>\n<p><strong>Fracci\u00f3n XL<\/strong><br \/>Todas las evaluaciones y encuestas que hagan los sujetos obligados a programas financiados con recursos p\u00fablicos. <strong>NO APLICA.<\/strong> De acuerdo a la normatividad que rige al Instituto no tiene atribuciones que le permitan generar esta informaci\u00f3n.<\/p>\n<p><strong>Fracci\u00f3n XLI<\/strong><br \/>Los estudios financiados con recursos p\u00fablicos.<\/p>\n<p><strong>Fracci\u00f3n XLII<\/strong><br \/>El listado de jubilados y pensionados y el monto que reciben.<\/p>\n<p>No Aplica. Corresponde a una atribuci\u00f3n del Instituto de Pensiones del Estado de acuerdo al art\u00edculo 75 fracci\u00f3n IV de la Ley de Pensiones del Estado de Veracruz de Ignacio de la Llave.<\/p>\n<p><strong>Fracci\u00f3n XLIII<\/strong><br \/>Los ingresos recibidos por cualquier concepto se\u00f1alando el nombre de los responsables de recibirlos, administrarlos y ejercerlos, as\u00ed como el destino de cada uno de ellos.<\/p>\n<p><strong>Fracci\u00f3n XLIV<\/strong><br \/>Donaciones hechas a terceros en dinero o en especie.<\/p>\n<p><strong>Fracci\u00f3n XLV<\/strong><br \/>El cat\u00e1logo de disposic\u00f3n y gu\u00eda de archivo documental.<\/p>\n<p><strong>Fracci\u00f3n XLVI<\/strong><br \/>Las actas de sesiones ordinarias y extraordinarias y sus anexos, as\u00ed como las opiniones y recomendaciones que emitan, en su caso, los consejos consultivos.<\/p>\n<p><strong>Fracci\u00f3n XLVII<\/strong><br \/>Para efectos estad\u00edsticos, el listado de solicitudes a las empresas concesionarias de telecomunicaciones y proveedores de servicios o aplicaciones de Internet para la intervenci\u00f3n de comunicaciones privadas, el acceso al registro de comunicaciones y la localizaci\u00f3n geogr\u00e1fica en tiempo real de equipos de comunicaci\u00f3n, que contenga exclusivamente el objeto, el alcance temporal y los fundamentos legales del requerimiento, as\u00ed como, en su caso, la menci\u00f3n de que cuenta con la autorizaci\u00f3n judicial correspondiente.<strong>NO APLICA.<\/strong> Toda vez que solo esta fracci\u00f3n se aplica para sujetos obligados como el Poder Judicial de la Federaci\u00f3n, el Poder Judicial del Estado, la Procurar\u00eda General de la Rep\u00fablica y la Fiscal\u00eda General del Estado en t\u00e9rminos del art\u00edculo 16, p\u00e1rrafo trece constitucional y 291, 297 y 303 del C\u00f3digo Nacional de Procedimientos Penales.<\/p>\n<p><strong>Fracci\u00f3n XLVIII<\/strong><br \/>Las enajenaciones y otros actos jur\u00eddicos relacionados con bienes p\u00fablicos, indicando los motivos, beneficiarios o adquirientes, as\u00ed como los montos de las operaciones.<\/p>\n<p><strong>Fracci\u00f3n XLIX<\/strong><br \/>Las cuentas p\u00fablicas estatales y municipales, as\u00ed como los documentos relativos, incluyendo el informe del resultado de su revisi\u00f3n y su dictamen.<\/p>\n<p><strong>Fracci\u00f3n L<\/strong><br \/>El origen de fondos auxiliares especiales y la aplicaci\u00f3n que se haya hecho de los ingresos correlativos.\u00a0<strong>NO APLICA<\/strong><\/p>\n<p><strong>Fracci\u00f3n LI<\/strong><br \/>Una relaci\u00f3n de los servidores p\u00fablicos comisionados por cualquier causa, incluso de car\u00e1cter sindical.<\/p>\n<p><strong>Fracci\u00f3n LII<\/strong><br \/>Los \u00edndices de expedientes clasificados como reservados, elaborados semestralmente y por rubros tem\u00e1ticos.<\/p>\n<p><strong>Fracci\u00f3n LIII<\/strong><br \/>La informaci\u00f3n desclasificada, la cual deber\u00e1 permanecer dos a\u00f1os posteriores a partir de que perdi\u00f3 su clasificaci\u00f3n.<\/p>\n<p><strong>Fracci\u00f3n LIV<\/strong><br \/>Cualquier otra informaci\u00f3n que sea de utilidad o se considere relevante, adem\u00e1s de la que, con base en la informaci\u00f3n estad\u00edstica, responda a las preguntas hechas con m\u00e1s frecuencia por el p\u00fablico.<\/p>\n<p><b>Los Sujetos obligados deber\u00e1n informar al instituto y verificar que se publiquen en la plataforma nacional cuales son los rubros que son aplicables a sus paginas de Internet.<\/b><\/p>\n<\/div>\n<h3><strong>Art\u00edculo 20<\/strong><\/h3>\n<p><strong>Adem\u00e1s de lo se\u00f1alado en el art\u00edculo 15 de la presente ley, las instituciones de educaci\u00f3n superior p\u00fablicas dotadas de autonom\u00eda deber\u00e1n poner a disposici\u00f3n del p\u00fablico y actualizar la siguiente informaci\u00f3n:<\/strong><\/p>\n<p><a href=\"http:\/\/www.itsco.edu.mx\/wp-content\/uploads\/2019\/09\/LTAIPVIL20I.xlsx\"><u><span style=\"color: #0000ff;\"><strong>Fracci\u00f3n I<\/strong><\/span><\/u><\/a><br \/>Los planes y programas de estudio seg\u00fan el sistema que ofrecen, ya sea escolarizado o abierto, con las \u00e1reas de conocimiento, el perfil profesional de quien cursa el plan de estudios, la duraci\u00f3n del programa con las asignaturas y su valor en cr\u00e9ditos.<\/p>\n<p><strong>Fracci\u00f3n II<\/strong><br \/>Toda la Informaci\u00f3n relacionada con sus procedimientos administrativos.<\/p>\n<p><strong>Fracci\u00f3n III<\/strong><br \/>La remuneraci\u00f3n de los profesores, incluyendo los est\u00edmulos al desempe\u00f1o, nivel y monto.<\/p>\n<p><strong>Fracci\u00f3n IV<\/strong><br \/>La lista con los profesores con licencia o en a\u00f1o sab\u00e1tico.<\/p>\n<p><u><span style=\"color: #0000ff;\"><a style=\"color: #0000ff;\" href=\"http:\/\/www.itsco.edu.mx\/wp-content\/uploads\/2019\/08\/20190218_INFO-GRAL-Jovenes-Escribiendo-el-Futuro-v1.pdf\"><strong>Fracci\u00f3n V<\/strong><\/a><\/span><\/u><br \/>El listado de las becas y apoyos que se otorgan, as\u00ed como los procedimientos y requisitos para obtenerlos.<\/p>\n<p><strong>Fracci\u00f3n VI<\/strong><br \/>Las convocatorias de los cursos de oposici\u00f3n.<\/p>\n<p><u><span style=\"color: #0000ff;\"><a style=\"color: #0000ff;\" href=\"http:\/\/www.itsco.edu.mx\/wp-content\/uploads\/2019\/08\/LTAIPVIL20VIIA.xlsx\"><strong>Fracci\u00f3n VII<\/strong><\/a><\/span><\/u><br \/>La informaci\u00f3n relativa a los procesos de selecci\u00f3n de los consejos.<\/p>\n<p><u><span style=\"color: #0000ff;\"><a style=\"color: #0000ff;\" href=\"http:\/\/www.itsco.edu.mx\/wp-content\/uploads\/2019\/08\/LTAIPVIL20VIII.xlsx\"><strong>Fracci\u00f3n VIII<\/strong><\/a><\/span><\/u><br \/>El resultado de las evaluaciones del cuerpo docente.<\/p>\n<p><u><strong><span style=\"color: #0000ff;\"><a style=\"color: #0000ff;\" href=\"http:\/\/www.itsco.edu.mx\/wp-content\/uploads\/2019\/08\/LTAIPVIL20IXA.xlsx\">Fracci\u00f3n IX<\/a><\/span><\/strong><\/u><br \/>El listado de las instituciones incorporadas y requisitos de incorporaci\u00f3n.<\/p>\n<p><strong>Fracci\u00f3n X<\/strong><br \/>Los estados de su situaci\u00f3n financiera, se\u00f1alando su activo en propiedades y equipo, inversiones patrimoniales y fideicomisos, efectivo y los dem\u00e1s que apliquen para conocer el estado que guarda su patrimonio.<\/p>\n\n\n<p><\/p>\n","protected":false},"excerpt":{"rendered":"<p>Ley Estatal Articulo 15: Los sujetos obligados deber\u00e1n publicar y mantener actualizada la informaci\u00f3n p\u00fablica, de conformidad con los lineamientos &hellip; <\/p>\n","protected":false},"author":1,"featured_media":0,"parent":0,"menu_order":0,"comment_status":"closed","ping_status":"closed","template":"","meta":{"footnotes":""},"class_list":["post-785","page","type-page","status-publish","hentry"],"_links":{"self":[{"href":"https:\/\/www.itsco.edu.mx\/index.php?rest_route=\/wp\/v2\/pages\/785","targetHints":{"allow":["GET"]}}],"collection":[{"href":"https:\/\/www.itsco.edu.mx\/index.php?rest_route=\/wp\/v2\/pages"}],"about":[{"href":"https:\/\/www.itsco.edu.mx\/index.php?rest_route=\/wp\/v2\/types\/page"}],"author":[{"embeddable":true,"href":"https:\/\/www.itsco.edu.mx\/index.php?rest_route=\/wp\/v2\/users\/1"}],"replies":[{"embeddable":true,"href":"https:\/\/www.itsco.edu.mx\/index.php?rest_route=%2Fwp%2Fv2%2Fcomments&post=785"}],"version-history":[{"count":104,"href":"https:\/\/www.itsco.edu.mx\/index.php?rest_route=\/wp\/v2\/pages\/785\/revisions"}],"predecessor-version":[{"id":3628,"href":"https:\/\/www.itsco.edu.mx\/index.php?rest_route=\/wp\/v2\/pages\/785\/revisions\/3628"}],"wp:attachment":[{"href":"https:\/\/www.itsco.edu.mx\/index.php?rest_route=%2Fwp%2Fv2%2Fmedia&parent=785"}],"curies":[{"name":"wp","href":"https:\/\/api.w.org\/{rel}","templated":true}]}}